{"id":15695,"date":"2021-02-02T14:55:37","date_gmt":"2021-02-02T13:55:37","guid":{"rendered":"https:\/\/nele-stroebel.de\/bibliographie-catalogues\/"},"modified":"2023-08-09T23:20:38","modified_gmt":"2023-08-09T21:20:38","slug":"bibliographie-catalogues","status":"publish","type":"page","link":"https:\/\/nele-stroebel.de\/fr\/bibliographie-catalogues\/","title":{"rendered":"Bibliographie \/ Catalogues"},"content":{"rendered":"\t\t<div data-elementor-type=\"wp-page\" data-elementor-id=\"15695\" class=\"elementor elementor-15695 elementor-9192\">\n\t\t\t\t\t\t<section class=\"elementor-section elementor-top-section elementor-element elementor-element-582ada5 elementor-section-boxed elementor-section-height-default elementor-section-height-default\" data-id=\"582ada5\" data-element_type=\"section\" data-e-type=\"section\">\n\t\t\t\t\t\t<div class=\"elementor-container elementor-column-gap-default\">\n\t\t\t\t\t<div class=\"elementor-column elementor-col-100 elementor-top-column elementor-element elementor-element-8a66839\" data-id=\"8a66839\" data-element_type=\"column\" data-e-type=\"column\">\n\t\t\t<div class=\"elementor-widget-wrap elementor-element-populated\">\n\t\t\t\t\t\t<div class=\"elementor-element elementor-element-394bea0 elementor-tabs-view-horizontal elementor-widget elementor-widget-tabs\" data-id=\"394bea0\" data-element_type=\"widget\" data-e-type=\"widget\" data-widget_type=\"tabs.default\">\n\t\t\t\t<div class=\"elementor-widget-container\">\n\t\t\t\t\t\t\t<div class=\"elementor-tabs\">\n\t\t\t<div class=\"elementor-tabs-wrapper\" role=\"tablist\" >\n\t\t\t\t\t\t\t\t\t<div id=\"elementor-tab-title-6001\" class=\"elementor-tab-title elementor-tab-desktop-title\" aria-selected=\"true\" data-tab=\"1\" role=\"tab\" tabindex=\"0\" aria-controls=\"elementor-tab-content-6001\" aria-expanded=\"false\">Monographies Nele Str\u00f6bel :<\/div>\n\t\t\t\t\t\t\t\t\t<div id=\"elementor-tab-title-6002\" class=\"elementor-tab-title elementor-tab-desktop-title\" aria-selected=\"false\" data-tab=\"2\" role=\"tab\" tabindex=\"-1\" aria-controls=\"elementor-tab-content-6002\" aria-expanded=\"false\">Contributions \u00e0 la t\u00e9l\u00e9vision<\/div>\n\t\t\t\t\t\t\t\t\t<div id=\"elementor-tab-title-6003\" class=\"elementor-tab-title elementor-tab-desktop-title\" aria-selected=\"false\" data-tab=\"3\" role=\"tab\" tabindex=\"-1\" aria-controls=\"elementor-tab-content-6003\" aria-expanded=\"false\">Textes<\/div>\n\t\t\t\t\t\t\t\t\t<div id=\"elementor-tab-title-6004\" class=\"elementor-tab-title elementor-tab-desktop-title\" aria-selected=\"false\" data-tab=\"4\" role=\"tab\" tabindex=\"-1\" aria-controls=\"elementor-tab-content-6004\" aria-expanded=\"false\">Livres<\/div>\n\t\t\t\t\t\t\t<\/div>\n\t\t\t<div class=\"elementor-tabs-content-wrapper\" role=\"tablist\" aria-orientation=\"vertical\">\n\t\t\t\t\t\t\t\t\t<div class=\"elementor-tab-title elementor-tab-mobile-title\" aria-selected=\"true\" data-tab=\"1\" role=\"tab\" tabindex=\"0\" aria-controls=\"elementor-tab-content-6001\" aria-expanded=\"false\">Monographies Nele Str\u00f6bel :<\/div>\n\t\t\t\t\t<div id=\"elementor-tab-content-6001\" class=\"elementor-tab-content elementor-clearfix\" data-tab=\"1\" role=\"tabpanel\" aria-labelledby=\"elementor-tab-title-6001\" tabindex=\"0\" hidden=\"false\"><table>\n<tbody>\n<tr>\n<td>2020<\/td>\n<td width=\"\">978-3-945055-<\/td>\n<td><\/td>\n<\/tr>\n<tr>\n<td>2020<\/td>\n<td>978-3-945055-<\/td>\n<td><\/td>\n<\/tr>\n<tr>\n<td>2019<\/td>\n<td>978-3-945055-10-6<\/td>\n<td>salon des nomades<\/td>\n<\/tr>\n<tr>\n<td>2019<\/td>\n<td>978-3-945055-11-3<\/td>\n<td>mapping III<\/td>\n<\/tr>\n<tr>\n<td>2016<\/td>\n<td>978-3-945055-40-3<\/td>\n<td>spacework\/urbanwork, concours jusqu&rsquo;en 2016<\/td>\n<\/tr>\n<tr>\n<td>2016<\/td>\n<td>978-3-945055-39-7<\/td>\n<td>lost&amp;found \u00e0 Berlin<\/td>\n<\/tr>\n<tr>\n<td>2016<\/td>\n<td>978-3-945055-97-7<\/td>\n<td>r\u00e9parations du monde_dessau remix, 2000-2016<\/td>\n<\/tr>\n<tr>\n<td>2014<\/td>\n<td>978-3-929363-36-4<\/td>\n<td>DER ANDERE GARTEN, jardinage urbain \u00e0 neuk\u00f6lln<\/td>\n<\/tr>\n<tr>\n<td>2011<\/td>\n<td>978-3-945055-00-7<\/td>\n<td>kunst-koffer-gasteig<\/td>\n<\/tr>\n<tr>\n<td>2010<\/td>\n<td>978-3-945055-01-4<\/td>\n<td>new orientals, promenades urbaines multim\u00e9dias \u00e0 travers Ispahan, Le Caire et Damas<\/td>\n<\/tr>\n<tr>\n<td>2009<\/td>\n<td>978-3-00-027087-1<\/td>\n<td>einkreisen\/ in alle richtungen, 15 ans\/ exposition d&rsquo;\u0153uvres \u00e0 la galerie de la BayernLB, Munich<\/td>\n<\/tr>\n<tr>\n<td>2008<\/td>\n<td>978-3-00-025065-1<\/td>\n<td>POP-UP, de la surface \u00e0 l&rsquo;espace, Die Neue Sammlung \/Pinakothek der Moderne<\/td>\n<\/tr>\n<tr>\n<td>2008<\/td>\n<td>978-3-00-025017-0<\/td>\n<td>OFFENE MAUERN, Mus\u00e9e dioc\u00e9sain de Ratisbonne. Volume 34<\/td>\n<\/tr>\n<tr>\n<td>2006<\/td>\n<td>978-3-422-06658-8<\/td>\n<td>HORTUS CONCLUSUS, un espace mental devient une image, D. Kunstverlag, Munich<\/td>\n<\/tr>\n<tr>\n<td>2005<\/td>\n<td>978-3-897-90222-0<\/td>\n<td>imbenge-dreamhouse, mus\u00e9e d&rsquo;ethnologie de Munich,ARNOLDSCHE. 3-89790-222-2<\/td>\n<\/tr>\n<tr>\n<td>2003<\/td>\n<td><\/td>\n<td>art and engineering, EPO-Belvederepark, Vienne<\/td>\n<\/tr>\n<tr>\n<td>2002<\/td>\n<td>3-89675-979-5<\/td>\n<td>reparaturen der welt, Maximiliansforum, Munich<\/td>\n<\/tr>\n<tr>\n<td>2002<\/td>\n<td><\/td>\n<td>art and engineering, autorit\u00e9 sup\u00e9rieure de la construction, Munich<\/td>\n<\/tr>\n<tr>\n<td>2002<\/td>\n<td><\/td>\n<td>inside_out une installation sugar-cube, e.on\/Piazza, Munich<\/td>\n<\/tr>\n<tr>\n<td>2001<\/td>\n<td><\/td>\n<td>La biblioth\u00e8que de Hertha Einstein-Nathorff, VCD 2000<\/td>\n<\/tr>\n<tr>\n<td>2000<\/td>\n<td><\/td>\n<td>r\u00e9parations du monde, nouveau mus\u00e9e municipal de Landsberg<\/td>\n<\/tr>\n<tr>\n<td>1998<\/td>\n<td>3-00-002731-9<\/td>\n<td>spacework-urbanwork, REM &#8211; Un voyage dans des espaces cach\u00e9s, Galerie Karin Sachs<\/td>\n<\/tr>\n<tr>\n<td>1995<\/td>\n<td><\/td>\n<td>stadt der t\u00f6ne, galerie Karin Sachs, Munich<\/td>\n<\/tr>\n<tr>\n<td>1993<\/td>\n<td><\/td>\n<td>Naumburgprojekt, Havarie, Galerie R\u00f6ssler, dans le cadre de l&rsquo;open art, Munich<\/td>\n<\/tr>\n<tr>\n<td>1991<\/td>\n<td><\/td>\n<td>De l&rsquo;arc rond, Kunstverein, Rosenheim<\/td>\n<\/tr>\n<tr>\n<td>1988<\/td>\n<td><\/td>\n<td>Der Berg steht auf, s\u00e9rie de d\u00e9butants, Galerie der K\u00fcnstler, Munich<\/td>\n<\/tr>\n<\/tbody>\n<\/table>\n<\/div>\n\t\t\t\t\t\t\t\t\t<div class=\"elementor-tab-title elementor-tab-mobile-title\" aria-selected=\"false\" data-tab=\"2\" role=\"tab\" tabindex=\"-1\" aria-controls=\"elementor-tab-content-6002\" aria-expanded=\"false\">Contributions \u00e0 la t\u00e9l\u00e9vision<\/div>\n\t\t\t\t\t<div id=\"elementor-tab-content-6002\" class=\"elementor-tab-content elementor-clearfix\" data-tab=\"2\" role=\"tabpanel\" aria-labelledby=\"elementor-tab-title-6002\" tabindex=\"0\" hidden=\"hidden\"><table border=\"0\" width=\"740\" cellspacing=\"0\" align=\"center\">\n<tbody>\n<tr valign=\"top\">\n<td colspan=\"3\">\n<h3 class=\"vita\">S\u00e9lection de contributions<\/h3>\n<\/td>\n<\/tr>\n<tr>\n<td colspan=\"3\">BR 2, Thomas Senne, \u00ab\u00a0Des prototypes et des mod\u00e8les\u00a0\u00bb 2018<\/td>\n<\/tr>\n<tr>\n<td colspan=\"3\">BR Alpha Espace d&rsquo;art : \u00a0\u00bb l&rsquo;autre jardin\u00a0\u00bb 2014<\/td>\n<\/tr>\n<tr>\n<td colspan=\"3\">Espace d&rsquo;art BR Alpha : \u00a0\u00bb falling waters\u00a0\u00bb 2012<\/td>\n<\/tr>\n<tr>\n<td colspan=\"3\">BR, C.A.M.P.TV : Nele Str\u00f6bel, \u00ab\u00a0Portrait d&rsquo;artiste\u00a0\u00bb 2003<\/td>\n<\/tr>\n<tr>\n<td colspan=\"3\">BR, Petra Dilthey : \u00ab\u00a0Nele Str\u00f6bel, artiste workoholic ?\u00a0\u00bb 1999<\/td>\n<\/tr>\n<tr>\n<td colspan=\"3\">Gudrun Lenz, RFL, BR \u00ab\u00a0Nele Str\u00f6bel 3x \u00e0 Landshut\u00a0\u00bb 1992<\/td>\n<\/tr>\n<tr>\n<td colspan=\"3\">ORF : Rapport du symposium Bl\u00fcmling : Nele Str\u00f6bel \u00ab\u00a0De la vie des choses\u00a0\u00bb, 1991<\/td>\n<\/tr>\n<\/tbody>\n<\/table>\n<\/div>\n\t\t\t\t\t\t\t\t\t<div class=\"elementor-tab-title elementor-tab-mobile-title\" aria-selected=\"false\" data-tab=\"3\" role=\"tab\" tabindex=\"-1\" aria-controls=\"elementor-tab-content-6003\" aria-expanded=\"false\">Textes<\/div>\n\t\t\t\t\t<div id=\"elementor-tab-content-6003\" class=\"elementor-tab-content elementor-clearfix\" data-tab=\"3\" role=\"tabpanel\" aria-labelledby=\"elementor-tab-title-6003\" tabindex=\"0\" hidden=\"hidden\"><table dir=\"ltr\" border=\"1\" cellspacing=\"0\" cellpadding=\"0\">\n<colgroup>\n<col width=\"539\">\n<col width=\"100\">\n<col width=\"100\"><\/colgroup>\n<tbody>\n<tr>\n<td colspan=\"3\" rowspan=\"1\" data-sheets-value=\"{\">Johannes Muggenthaler, 2019. \u00ab\u00a0salon nomade_ une vie d&rsquo;artiste\u00a0\u00bb<\/td>\n<\/tr>\n<tr>\n<td colspan=\"3\" rowspan=\"1\" data-sheets-value=\"{\">Dr. Christian Schoen, 2019. \u00ab\u00a0Introduction au salon nomade\u00a0\u00bb<\/td>\n<\/tr>\n<tr>\n<td colspan=\"3\" rowspan=\"1\" data-sheets-value=\"{\">Nele Str\u00f6bel ; M.A. ; commissaire d&rsquo;exposition, 2019, \u00ab\u00a0salon nomade\u00a0\u00bb et \u00ab\u00a0dispositif exp\u00e9rimental de recherche sur le terrain\u00a0\u00bb.<\/td>\n<\/tr>\n<tr>\n<td colspan=\"3\" rowspan=\"1\" data-sheets-value=\"{\">Dr Christian Schoen, 2019. \u00ab\u00a0Nele Str\u00f6bel\u00a0\u00bb<\/td>\n<\/tr>\n<tr>\n<td colspan=\"3\" rowspan=\"1\" data-sheets-value=\"{\">Dr Doroth\u00e9e Bauerle-Willert, 2019, \u00ab\u00a0Chemins du monde<\/td>\n<\/tr>\n<tr>\n<td colspan=\"3\" rowspan=\"1\" data-sheets-value=\"{\">Nele Str\u00f6bel ; M.A., 2019, \u00ab\u00a0mapping III<\/td>\n<\/tr>\n<tr>\n<td colspan=\"3\" rowspan=\"1\" data-sheets-value=\"{\">Kalle Lenz ; CAS, 2019 \u00ab\u00a0P\u00e8lerinage &#8211; une attitude de vie\u00a0\u00bb.<\/td>\n<\/tr>\n<tr>\n<td colspan=\"3\" rowspan=\"1\" data-sheets-value=\"{\">Brigitta Petschek-Sommer, 2014. \u00ab\u00a0Quelle est la relation entre l&rsquo;art et la nature ?\u00a0\u00bb<\/td>\n<\/tr>\n<tr>\n<td colspan=\"3\" rowspan=\"1\" data-sheets-value=\"{\">Dr. Gudrun Pamme-Vogelsang, 2014. \u00ab\u00a0u. g.- une confrontation artistique avec un ph\u00e9nom\u00e8ne urbain\u00a0\u00bb.<\/td>\n<\/tr>\n<tr>\n<td colspan=\"3\" rowspan=\"1\" data-sheets-value=\"{\">Nele Str\u00f6bel ; M.A., 2014, \u00ab\u00a0der andere garten\u00a0\u00bb (l&rsquo;autre jardin)<\/td>\n<\/tr>\n<tr>\n<td colspan=\"3\" rowspan=\"1\" data-sheets-value=\"{\">Dr. Christa M\u00fcller, 2014, \u00ab\u00a0urban gardening in the acceleration society\u00a0\u00bb (le jardinage urbain dans la soci\u00e9t\u00e9 de l&rsquo;acc\u00e9l\u00e9ration)<\/td>\n<\/tr>\n<tr>\n<td colspan=\"3\" rowspan=\"1\" data-sheets-value=\"{\">\u00ab\u00a0Les grands immeubles en Asie du Sud-Est &#8211; une approche humaniste de l&rsquo;immeuble tropical\u00a0\u00bb, 2014<\/td>\n<\/tr>\n<tr>\n<td colspan=\"3\" rowspan=\"1\" data-sheets-value=\"{\">Sybille Loew, 2014. \u00ab\u00a0intervention subversive-plantes brod\u00e9es\u00a0\u00bb<\/td>\n<\/tr>\n<tr>\n<td colspan=\"3\" rowspan=\"1\" data-sheets-value=\"{\">Nele Str\u00f6bel ; M.A., 2010,\u00a0\u00bb new orientals\u00a0\u00bb<\/td>\n<\/tr>\n<tr>\n<td colspan=\"3\" rowspan=\"1\" data-sheets-value=\"{\">Dr. Doroth\u00e9e Bauerle-Willert, 2009 : \u00ab\u00a0Encerclement &#8211; de toutes les directions. A propos de quelques travaux de Nele Str\u00f6bel\u00a0\u00bb.<\/td>\n<\/tr>\n<tr>\n<td colspan=\"3\" rowspan=\"1\" data-sheets-value=\"{\">Dr Corinna R\u00f6sner ; Prof.Dr Bernhard Waldenfels ; Herbert Schultes, 2008 : \u00ab\u00a0POP-UP\u00a0\u00bb.<\/td>\n<\/tr>\n<tr>\n<td colspan=\"3\" rowspan=\"1\" data-sheets-value=\"{\">Dagmar Schott ; M.A., 2008, \u00ab\u00a0PROJET DE DAMAS\u00a0\u00bb<\/td>\n<\/tr>\n<tr>\n<td colspan=\"3\" rowspan=\"1\" data-sheets-value=\"{\">Dr. Gottfried Knapp, 2007 : \u00ab\u00a0L&rsquo;installation de Nele Str\u00f6bel dans la chapelle Saint-\u00c9tienne de Ratisbonne\u00a0\u00bb.<\/td>\n<\/tr>\n<tr>\n<td colspan=\"3\" rowspan=\"1\" data-sheets-value=\"{\">Wilhelm Warning, 2007 : \u00ab\u00a0r\u00e9paration- sur place\u00a0\u00bb.<\/td>\n<\/tr>\n<tr>\n<td colspan=\"3\" rowspan=\"1\" data-sheets-value=\"{\">Dr. Walter Zahner, 2006 : HORTUS CONCLUSUS, un espace mental devient une image<\/td>\n<\/tr>\n<tr>\n<td colspan=\"3\" rowspan=\"1\" data-sheets-value=\"{\">Dr. Esther Meier, 2006 : \u00ab\u00a0La question de l&rsquo;int\u00e9rieur et de l&rsquo;ext\u00e9rieur\u00a0\u00bb.<\/td>\n<\/tr>\n<tr>\n<td colspan=\"3\" rowspan=\"1\" data-sheets-value=\"{\">Dr. Reinhold Then, 2006 : \u00ab\u00a0Du jardin au paradis\u00a0\u00bb.<\/td>\n<\/tr>\n<tr>\n<td colspan=\"3\" rowspan=\"1\" data-sheets-value=\"{\">Wilhelm Warning, 2006 : \u00ab\u00a0Patrons de coupe\u00a0\u00bb<\/td>\n<\/tr>\n<tr>\n<td colspan=\"3\" rowspan=\"1\" data-sheets-value=\"{\">Dr Stefan Eisenhofer ; Wilhelm Warning, 2005 : \u00ab\u00a0imbenge-dreamhouse<\/td>\n<\/tr>\n<tr>\n<td colspan=\"3\" rowspan=\"1\" data-sheets-value=\"{\">Prof.Dr. Bernhard Waldenfels, 2005 : \u00ab\u00a0macht musik\u00a0\u00bb (\u00ab\u00a0fait de la musique\u00a0\u00bb)<\/td>\n<\/tr>\n<tr>\n<td colspan=\"3\" rowspan=\"1\" data-sheets-value=\"{\">Dr Barbara Rollmann Dr Monika Poalas, 2003 : \u00ab\u00a0art and engineering\u00a0\u00bb (art et ing\u00e9nierie)<\/td>\n<\/tr>\n<tr>\n<td colspan=\"3\" rowspan=\"1\" data-sheets-value=\"{\">Lydia Hartl, 2002, \u00ab\u00a0R\u00e9parations du monde\u00a0\u00bb.<\/td>\n<\/tr>\n<tr>\n<td colspan=\"3\" rowspan=\"1\" data-sheets-value=\"{\">Dr. Daniela Rippl, 2002, \u00ab\u00a0r\u00e9parations du monde\u00a0\u00bb.<\/td>\n<\/tr>\n<tr>\n<td colspan=\"3\" rowspan=\"1\" data-sheets-value=\"{\">Dr.Paul Parin, 2002, \u00ab\u00a0R\u00e9parations du monde\u00a0\u00bb.<\/td>\n<\/tr>\n<tr>\n<td colspan=\"3\" rowspan=\"1\" data-sheets-value=\"{\">Bernhard Waldenfels, 2002, \u00ab\u00a0R\u00e9parations du monde\u00a0\u00bb.<\/td>\n<\/tr>\n<tr>\n<td colspan=\"3\" rowspan=\"1\" data-sheets-value=\"{\">Dr. Ulrike Leuschner, 2002, \u00ab\u00a0r\u00e9parations du monde\u00a0\u00bb.<\/td>\n<\/tr>\n<tr>\n<td colspan=\"3\" rowspan=\"1\" data-sheets-value=\"{\">Hartfrid Neunzert, 2002, \u00ab\u00a0reparaturen der Welt\u00a0\u00bb (R\u00e9parations du monde)<\/td>\n<\/tr>\n<tr>\n<td colspan=\"3\" rowspan=\"1\" data-sheets-value=\"{\">Dr. Marlene Lauter, 2002, \u00ab\u00a0R\u00e9parations du monde\u00a0\u00bb.<\/td>\n<\/tr>\n<tr>\n<td colspan=\"3\" rowspan=\"1\" data-sheets-value=\"{\">Heidrun Friese, 2002, \u00ab\u00a0R\u00e9parations du monde\u00a0\u00bb.<\/td>\n<\/tr>\n<tr>\n<td colspan=\"3\" rowspan=\"1\" data-sheets-value=\"{\">Prof.Dr. Ingrid Krau, 2002, \u00ab\u00a0r\u00e9parations du monde\u00a0\u00bb<\/td>\n<\/tr>\n<tr>\n<td colspan=\"3\" rowspan=\"1\" data-sheets-value=\"{\">Prof. Erem. Friedrich Kurrent, 2002, \u00ab\u00a0r\u00e9parations du monde\u00a0\u00bb<\/td>\n<\/tr>\n<tr>\n<td colspan=\"3\" rowspan=\"1\" data-sheets-value=\"{\">Dieter Str\u00f6bel, 2002, \u00ab\u00a0reparaturen der Welt\u00a0\u00bb (R\u00e9parations du monde)<\/td>\n<\/tr>\n<tr>\n<td colspan=\"3\" rowspan=\"1\" data-sheets-value=\"{\">Prof. Christiane Thalgott, 2002, \u00ab\u00a0R\u00e9parations du monde\u00a0\u00bb.<\/td>\n<\/tr>\n<tr>\n<td colspan=\"3\" rowspan=\"1\" data-sheets-value=\"{\">Peider A. Defilla, 2002, \u00ab\u00a0r\u00e9parations du monde\u00a0\u00bb<\/td>\n<\/tr>\n<tr>\n<td colspan=\"3\" rowspan=\"1\" data-sheets-value=\"{\">Dr. Hildegard Kronawitter, 2002, \u00ab\u00a0r\u00e9parations du monde\u00a0\u00bb.<\/td>\n<\/tr>\n<tr>\n<td colspan=\"3\" rowspan=\"1\" data-sheets-value=\"{\">Dr. Anneliese Durst, 2002, \u00ab\u00a0r\u00e9parations du monde\u00a0\u00bb.<\/td>\n<\/tr>\n<tr>\n<td colspan=\"3\" rowspan=\"1\" data-sheets-value=\"{\">Cornelia L\u00fcdecke, 2002, \u00ab\u00a0R\u00e9parations du monde\u00a0\u00bb.<\/td>\n<\/tr>\n<tr>\n<td colspan=\"3\" rowspan=\"1\" data-sheets-value=\"{\">H. Schultes &amp; Roland Schoeffel, 2002, \u00ab\u00a0r\u00e9parations du monde\u00a0\u00bb.<\/td>\n<\/tr>\n<tr>\n<td colspan=\"3\" rowspan=\"1\" data-sheets-value=\"{\">Dr Barbara Rollmann, 2002 \u00ab\u00a0Des surfaces et des profondeurs\u00a0\u00bb.<\/td>\n<\/tr>\n<tr>\n<td colspan=\"3\" rowspan=\"1\" data-sheets-value=\"{\">Wilhelm Warning, 2002 \u00ab\u00a0inside_out une installation de sugar-cube\u00a0\u00bb.<\/td>\n<\/tr>\n<tr>\n<td colspan=\"3\" rowspan=\"1\" data-sheets-value=\"{\">Dr. Barbara Rollmann, 1998 \u00ab\u00a0spacework urbanwork\u00a0\u00bb (travail urbain)<\/td>\n<\/tr>\n<tr>\n<td colspan=\"3\" rowspan=\"1\" data-sheets-value=\"{\">Dr. Birgit Sonna, 1998 \u00ab\u00a0spacework urbanwork_L&rsquo;interview\u00a0\u00bb<\/td>\n<\/tr>\n<tr>\n<td colspan=\"3\" rowspan=\"1\" data-sheets-value=\"{\">Prof. Bernhard Waldenfels \u00ab\u00a0H\u00e4mmern\u00a0\u00bb Sinnesschwellen ; Suhrkamp (stw, 1997)<\/td>\n<\/tr>\n<tr>\n<td colspan=\"3\" rowspan=\"1\" data-sheets-value=\"{\">Dr. Hanne Weskott, 1995 \u00ab\u00a0ville des sons\u00a0\u00bb<\/td>\n<\/tr>\n<tr>\n<td colspan=\"3\" rowspan=\"1\" data-sheets-value=\"{\">Dr. Dietgard Grimmer, 1993 \u00ab\u00a0Des colonnes et de la sp\u00e9l\u00e9ologie\u00a0\u00bb.<\/td>\n<\/tr>\n<tr>\n<td colspan=\"3\" rowspan=\"1\" data-sheets-value=\"{\">Franz Peter, 1993 \u00ab\u00a0Zum Naumburgprojekt\u00a0\u00bb (Le projet de Naumburg)<\/td>\n<\/tr>\n<tr>\n<td colspan=\"3\" rowspan=\"1\" data-sheets-value=\"{\">Berthold R\u00f6ssler, 1993 \u00ab\u00a0Havarie<\/td>\n<\/tr>\n<tr>\n<td colspan=\"3\" rowspan=\"1\" data-sheets-value=\"{\">Dr Barbara Rollmann, 1993 \u00ab\u00a0Naumburgprojekt,Havarie\u00a0\u00bb (projet de Naumburg)<\/td>\n<\/tr>\n<tr>\n<td colspan=\"3\" rowspan=\"1\" data-sheets-value=\"{\">Benita von Bemberg Flamersheim, 1991 \u00ab\u00a0Jeter des ponts<\/td>\n<\/tr>\n<tr>\n<td colspan=\"3\" rowspan=\"1\" data-sheets-value=\"{\">Hans Leuschner, 1991 \u00ab\u00a0Marteau\u00a0\u00bb<\/td>\n<\/tr>\n<tr>\n<td colspan=\"3\" rowspan=\"1\" data-sheets-value=\"{\">Bernhard Waldenfels, 1991 \u00ab\u00a0Marteler\u00a0\u00bb.<\/td>\n<\/tr>\n<tr>\n<td colspan=\"3\" rowspan=\"1\" data-sheets-value=\"{\">Felix Zdenek, 1988 \u00ab\u00a0Balla et Boccion\u00a0\u00bb<\/td>\n<\/tr>\n<tr>\n<td colspan=\"3\" rowspan=\"1\" data-sheets-value=\"{\">Christian G\u00f6gger, 1988 \u00ab\u00a0Un acc\u00e8s m\u00e9moris\u00e9\u00a0\u00bb<\/td>\n<\/tr>\n<tr>\n<td colspan=\"3\" rowspan=\"1\" data-sheets-value=\"{\">Prof. Friedrich Kurrent, 1988 \u00ab\u00a0La sculptrice Nele Str\u00f6bel\u00a0\u00bb.<\/td>\n<\/tr>\n<tr>\n<td colspan=\"3\" rowspan=\"1\" data-sheets-value=\"{\">Prof. Maria Biljan Bilger, 1988 \u00ab\u00a0Objet et couleur<\/td>\n<\/tr>\n<\/tbody>\n<\/table>\n<\/div>\n\t\t\t\t\t\t\t\t\t<div class=\"elementor-tab-title elementor-tab-mobile-title\" aria-selected=\"false\" data-tab=\"4\" role=\"tab\" tabindex=\"-1\" aria-controls=\"elementor-tab-content-6004\" aria-expanded=\"false\">Livres<\/div>\n\t\t\t\t\t<div id=\"elementor-tab-content-6004\" class=\"elementor-tab-content elementor-clearfix\" data-tab=\"4\" role=\"tabpanel\" aria-labelledby=\"elementor-tab-title-6004\" tabindex=\"0\" hidden=\"hidden\"><p><img fetchpriority=\"high\" decoding=\"async\" class=\"alignnone size-full wp-image-10699\" src=\"http:\/\/nele-stroebel.de\/wp-content\/uploads\/2021\/03\/alle-buecher-neu.jpg\" alt=\"\" width=\"853\" height=\"1962\" srcset=\"https:\/\/nele-stroebel.de\/wp-content\/uploads\/2021\/03\/alle-buecher-neu.jpg 853w, https:\/\/nele-stroebel.de\/wp-content\/uploads\/2021\/03\/alle-buecher-neu-130x300.jpg 130w, https:\/\/nele-stroebel.de\/wp-content\/uploads\/2021\/03\/alle-buecher-neu-445x1024.jpg 445w, https:\/\/nele-stroebel.de\/wp-content\/uploads\/2021\/03\/alle-buecher-neu-768x1766.jpg 768w, https:\/\/nele-stroebel.de\/wp-content\/uploads\/2021\/03\/alle-buecher-neu-668x1536.jpg 668w\" sizes=\"(max-width: 853px) 100vw, 853px\" \/><\/p>\n<\/div>\n\t\t\t\t\t\t\t<\/div>\n\t\t<\/div>\n\t\t\t\t\t\t<\/div>\n\t\t\t\t<\/div>\n\t\t\t\t\t<\/div>\n\t\t<\/div>\n\t\t\t\t\t<\/div>\n\t\t<\/section>\n\t\t\t\t<\/div>\n\t\t","protected":false},"excerpt":{"rendered":"<p>Monographies Nele Str\u00f6bel : Contributions \u00e0 la t\u00e9l\u00e9vision Textes Livres Monographies Nele Str\u00f6bel : 2020 978-3-945055- 2020 978-3-945055- 2019 978-3-945055-10-6 salon des nomades 2019 978-3-945055-11-3 mapping III 2016 978-3-945055-40-3 spacework\/urbanwork, concours jusqu&#8217;en 2016 2016 978-3-945055-39-7 lost&amp;found \u00e0 Berlin 2016 978-3-945055-97-7 r\u00e9parations du monde_dessau remix, 2000-2016 2014 978-3-929363-36-4 DER ANDERE GARTEN, jardinage urbain \u00e0 neuk\u00f6lln 2011 [&hellip;]<\/p>\n","protected":false},"author":1,"featured_media":0,"parent":0,"menu_order":0,"comment_status":"closed","ping_status":"closed","template":"","meta":{"ngg_post_thumbnail":0,"footnotes":""},"class_list":["post-15695","page","type-page","status-publish","hentry"],"_links":{"self":[{"href":"https:\/\/nele-stroebel.de\/fr\/wp-json\/wp\/v2\/pages\/15695","targetHints":{"allow":["GET"]}}],"collection":[{"href":"https:\/\/nele-stroebel.de\/fr\/wp-json\/wp\/v2\/pages"}],"about":[{"href":"https:\/\/nele-stroebel.de\/fr\/wp-json\/wp\/v2\/types\/page"}],"author":[{"embeddable":true,"href":"https:\/\/nele-stroebel.de\/fr\/wp-json\/wp\/v2\/users\/1"}],"replies":[{"embeddable":true,"href":"https:\/\/nele-stroebel.de\/fr\/wp-json\/wp\/v2\/comments?post=15695"}],"version-history":[{"count":1,"href":"https:\/\/nele-stroebel.de\/fr\/wp-json\/wp\/v2\/pages\/15695\/revisions"}],"predecessor-version":[{"id":15697,"href":"https:\/\/nele-stroebel.de\/fr\/wp-json\/wp\/v2\/pages\/15695\/revisions\/15697"}],"wp:attachment":[{"href":"https:\/\/nele-stroebel.de\/fr\/wp-json\/wp\/v2\/media?parent=15695"}],"curies":[{"name":"wp","href":"https:\/\/api.w.org\/{rel}","templated":true}]}}