{"id":15673,"date":"2021-02-02T14:55:09","date_gmt":"2021-02-02T13:55:09","guid":{"rendered":"https:\/\/nele-stroebel.de\/vita\/"},"modified":"2023-08-09T23:20:41","modified_gmt":"2023-08-09T21:20:41","slug":"vita","status":"publish","type":"page","link":"https:\/\/nele-stroebel.de\/fr\/vita\/","title":{"rendered":"Vita"},"content":{"rendered":"\t\t<div data-elementor-type=\"wp-page\" data-elementor-id=\"15673\" class=\"elementor elementor-15673 elementor-9190\">\n\t\t\t\t\t\t<section class=\"elementor-section elementor-top-section elementor-element elementor-element-f2284e2 elementor-section-boxed elementor-section-height-default elementor-section-height-default\" data-id=\"f2284e2\" data-element_type=\"section\" data-e-type=\"section\">\n\t\t\t\t\t\t<div class=\"elementor-container elementor-column-gap-default\">\n\t\t\t\t\t<div class=\"elementor-column elementor-col-100 elementor-top-column elementor-element elementor-element-4a8d126\" data-id=\"4a8d126\" data-element_type=\"column\" data-e-type=\"column\">\n\t\t\t<div class=\"elementor-widget-wrap elementor-element-populated\">\n\t\t\t\t\t\t<div class=\"elementor-element elementor-element-3c2cb43 elementor-tabs-view-horizontal elementor-widget elementor-widget-tabs\" data-id=\"3c2cb43\" data-element_type=\"widget\" data-e-type=\"widget\" data-widget_type=\"tabs.default\">\n\t\t\t\t<div class=\"elementor-widget-container\">\n\t\t\t\t\t\t\t<div class=\"elementor-tabs\">\n\t\t\t<div class=\"elementor-tabs-wrapper\" role=\"tablist\" >\n\t\t\t\t\t\t\t\t\t<div id=\"elementor-tab-title-6301\" class=\"elementor-tab-title elementor-tab-desktop-title\" aria-selected=\"true\" data-tab=\"1\" role=\"tab\" tabindex=\"0\" aria-controls=\"elementor-tab-content-6301\" aria-expanded=\"false\">Prix et bourses<\/div>\n\t\t\t\t\t\t\t\t\t<div id=\"elementor-tab-title-6302\" class=\"elementor-tab-title elementor-tab-desktop-title\" aria-selected=\"false\" data-tab=\"2\" role=\"tab\" tabindex=\"-1\" aria-controls=\"elementor-tab-content-6302\" aria-expanded=\"false\">Achats dans les collections publiques<\/div>\n\t\t\t\t\t\t\t\t\t<div id=\"elementor-tab-title-6303\" class=\"elementor-tab-title elementor-tab-desktop-title\" aria-selected=\"false\" data-tab=\"3\" role=\"tab\" tabindex=\"-1\" aria-controls=\"elementor-tab-content-6303\" aria-expanded=\"false\">Travailler dans l'espace public<\/div>\n\t\t\t\t\t\t\t<\/div>\n\t\t\t<div class=\"elementor-tabs-content-wrapper\" role=\"tablist\" aria-orientation=\"vertical\">\n\t\t\t\t\t\t\t\t\t<div class=\"elementor-tab-title elementor-tab-mobile-title\" aria-selected=\"true\" data-tab=\"1\" role=\"tab\" tabindex=\"0\" aria-controls=\"elementor-tab-content-6301\" aria-expanded=\"false\">Prix et bourses<\/div>\n\t\t\t\t\t<div id=\"elementor-tab-content-6301\" class=\"elementor-tab-content elementor-clearfix\" data-tab=\"1\" role=\"tabpanel\" aria-labelledby=\"elementor-tab-title-6301\" tabindex=\"0\" hidden=\"false\"><table style=\"height: 329px;\" border=\"0\" width=\"751\" cellspacing=\"0\" align=\"center\">\n<tbody>\n<tr>\n<td width=\"11%\">2022\n<\/td>\n<td width=\"89%\">\nBourse d&rsquo;\u00e9tudes Kunstfond et K\u00fcnstlerbund Neustart Kultur<\/td>\n<\/tr>\n<tr>\n<td width=\"11%\">\n2020\n<\/td>\n<td width=\"89%\">\nBourse de l&rsquo;espace public du StMWK bavarois \u00e0 Munich\n<\/td>\n<\/tr>\n<tr>\n<td width=\"11%\">\n2002<\/td>\n<td width=\"89%\">\nPrix Karl Buchrucker pour les arts visuels<\/td>\n<\/tr>\n<tr>\n<td>2001<\/td>\n<td>2e prix : projet de chapelle RKK Munich<\/td>\n<\/tr>\n<tr>\n<td>1995<\/td>\n<td>Prix du design NRW<\/td>\n<\/tr>\n<tr>\n<td>1994<\/td>\n<td>Bourse de travail des Ateliers du Land de Salzbourg<\/td>\n<\/tr>\n<tr>\n<td>1992<\/td>\n<td>Bourse de Werfen\/ Autriche<\/td>\n<\/tr>\n<tr>\n<td>1992<\/td>\n<td>Maison du garde-barri\u00e8re Esslingen<\/td>\n<\/tr>\n<tr>\n<td>1991<\/td>\n<td>Bourse Bl\u00fcmling\/ Autriche<\/td>\n<\/tr>\n<tr>\n<td>1988<\/td>\n<td>D\u00e9butants, Minist\u00e8re des Arts et des Sciences de Bavi\u00e8re<\/td>\n<\/tr>\n<tr>\n<td>\n<pre>1976-81<\/pre>\n<\/td>\n<td>Bourse d&rsquo;\u00e9tudes du Minist\u00e8re des arts de Vienne<\/td>\n<\/tr>\n<\/tbody>\n<\/table>\n<\/div>\n\t\t\t\t\t\t\t\t\t<div class=\"elementor-tab-title elementor-tab-mobile-title\" aria-selected=\"false\" data-tab=\"2\" role=\"tab\" tabindex=\"-1\" aria-controls=\"elementor-tab-content-6302\" aria-expanded=\"false\">Achats dans les collections publiques<\/div>\n\t\t\t\t\t<div id=\"elementor-tab-content-6302\" class=\"elementor-tab-content elementor-clearfix\" data-tab=\"2\" role=\"tabpanel\" aria-labelledby=\"elementor-tab-title-6302\" tabindex=\"0\" hidden=\"hidden\"><p>Ville de Cologne pour la biblioth\u00e8que d&rsquo;art et de mus\u00e9e : le journal de Corona. Augsbourg, Mus\u00e9e juif. Ulm, Mus\u00e9e d&rsquo;art moderne<br \/>Salzbourg, Rupertinum<br \/>Werfen\/ Autriche, collection Werfen<br \/>Munich, Artoth\u00e8que<br \/>Bamberg, collection Kunstverein<br \/>Vienne, Collection d&rsquo;art de l&rsquo;OEB<br \/>Munich Collection E.O.N<br \/>Munich, Nouvelle collection \/ Pinacoth\u00e8que d&rsquo;art moderne<br \/>Mus\u00e9e dioc\u00e9sain de Ratisbonne<\/p>\n<\/div>\n\t\t\t\t\t\t\t\t\t<div class=\"elementor-tab-title elementor-tab-mobile-title\" aria-selected=\"false\" data-tab=\"3\" role=\"tab\" tabindex=\"-1\" aria-controls=\"elementor-tab-content-6303\" aria-expanded=\"false\">Travailler dans l'espace public<\/div>\n\t\t\t\t\t<div id=\"elementor-tab-content-6303\" class=\"elementor-tab-content elementor-clearfix\" data-tab=\"3\" role=\"tabpanel\" aria-labelledby=\"elementor-tab-title-6303\" tabindex=\"0\" hidden=\"hidden\"><table border=\"0\" width=\"740\" cellspacing=\"0\" align=\"center\">\n<tbody>\n<tr>\n<td>2020<\/td>\n<td>\u00ab\u00a0Verdichten_ein Stadtgespr\u00e4ch\u00a0\u00bb, art dans l&rsquo;espace public Projet en<br \/>\nTerrain de l&rsquo;abattoir et du Viehof, Munich, www. http:\/\/resilienz80337-nelestroebel.de\/<\/td>\n<\/tr>\n<tr>\n<td>2016<\/td>\n<td><span class=\"blau\"><span class=\"Stil1\">\u00ab\u00a0wolke_7 im Rosengarten\u00a0\u00bb, Treptoer Park, Berlin<\/span><\/span><\/td>\n<\/tr>\n<tr>\n<td>2011<\/td>\n<td><span class=\"blau\"><a href=\"http:\/\/nele-stroebel.de\/kunst-koffer-gasteig\/im%20oeffentlichen%20raum%20bleibt%20kunst-koffer-gasteig.htm\" target=\"_self\">Dessin(s) de ville et valise \u00e0 tirer r\u00e9tro\u00e9clair\u00e9s<\/a>, <span class=\"Stil1\">Gasteig, Bastion, Munich<\/span><\/span><\/td>\n<\/tr>\n<tr>\n<td>2005<\/td>\n<td><span class=\"blau\"><a href=\"http:\/\/nele-stroebel.de\/hanggart\/hanggart.htm\" target=\"_self\">Jardins suspendus de Siebold, 3 espaces a\u00e9riens : viburnum, n\u0153ud sinusal, trifolium<\/a>,<\/span> Uni Klinikum, W\u00fcrzburg<\/td>\n<\/tr>\n<tr>\n<td width=\"11%\">2004<\/td>\n<td width=\"89%\"><span class=\"blau\"><a href=\"http:\/\/nele-stroebel.de\/flotste.htm\" target=\"_self\">flottierende stel(l)e<\/a>,<\/span> cimeti\u00e8re de Neubiberg<\/td>\n<\/tr>\n<tr>\n<td>2003<\/td>\n<td><span class=\"blau\"><br \/>\n  <a href=\"http:\/\/nele-stroebel.de\/flotki.htm\" target=\"_self\">vague flottante, coussin rem<\/a><br \/>\n<\/span> EPO-Belvederepark, Vienne<\/td>\n<\/tr>\n<tr>\n<td>2002<\/td>\n<td><span class=\"blau\"><a href=\"http:\/\/nele-stroebel.de\/flotste.htm\" target=\"_self\">flottierende stel(l)e<\/a>,<\/span> balcon OEB-Munich<\/td>\n<\/tr>\n<tr>\n<td>2001<\/td>\n<td><span class=\"blau\"><a href=\"http:\/\/nele-stroebel.de\/gstern.htm\" target=\"_self\">guter stern<\/a>,<\/span> poste de police, Wolfratshausen<\/td>\n<\/tr>\n<tr>\n<td>2000<\/td>\n<td><span class=\"blau\"><br \/>\n  <a href=\"http:\/\/nele-stroebel.de\/rem.htm\" target=\"_self\">REM-Terrakotten<\/a><br \/>\n<\/span> dans le jardin de m\u00e9ditation, cimeti\u00e8re de Neubiberg<\/td>\n<\/tr>\n<tr>\n<td>1999<\/td>\n<td><span class=\"blau\"><a href=\"http:\/\/nele-stroebel.de\/wunderb.htm\" target=\"_self\">Wunderbaum<\/a>,<\/span> sentier de sculptures, Obing am See (catalogue)<\/td>\n<\/tr>\n<tr>\n<td>1998\/99<\/td>\n<td><span class=\"blau\"><a href=\"http:\/\/nele-stroebel.de\/vogelbbk.htm\" target=\"_self\">vogelwolke<\/a>,<\/span> Tribunal des finances, Munich (Vid\u00e9o)<\/td>\n<\/tr>\n<tr>\n<td>1998\/00<\/td>\n<td><span class=\"blau\"><br \/>\n  <a href=\"http:\/\/nele-stroebel.de\/sonhof.htm\" target=\"_self\">Sonnenhof<\/a><br \/>\n<\/span>, jardin d&rsquo;enfants municipal, Munich (vid\u00e9o)<\/td>\n<\/tr>\n<tr>\n<td>1997\/98<\/td>\n<td><span class=\"blau\"><br \/>\n  <a href=\"http:\/\/nele-stroebel.de\/landshut.htm\" target=\"_self\">Arc de Landshut<\/a><br \/>\n<\/span>, clinique, Landshut<\/td>\n<\/tr>\n<tr>\n<td>1996\/97<\/td>\n<td><span class=\"blau\"><a href=\"http:\/\/nele-stroebel.de\/kbfoto2.htm\" target=\"_self\">Fleur de la Cro<\/a><\/span> ix<span class=\"blau\">,<\/span> H\u00f4pital de la Croix-Rouge, Munich<\/td>\n<\/tr>\n<tr>\n<td>1993\/94<\/td>\n<td><span class=\"blau\"><a href=\"http:\/\/nele-stroebel.de\/trombe.htm\" target=\"_self\">Trombe<\/a>,<\/span> Ruhrallee, Essen<\/td>\n<\/tr>\n<\/tbody>\n<\/table>\n<\/div>\n\t\t\t\t\t\t\t<\/div>\n\t\t<\/div>\n\t\t\t\t\t\t<\/div>\n\t\t\t\t<\/div>\n\t\t\t\t<section class=\"elementor-section elementor-inner-section elementor-element elementor-element-79ca789 elementor-section-boxed elementor-section-height-default elementor-section-height-default\" data-id=\"79ca789\" data-element_type=\"section\" data-e-type=\"section\">\n\t\t\t\t\t\t<div class=\"elementor-container elementor-column-gap-default\">\n\t\t\t\t\t<div class=\"elementor-column elementor-col-50 elementor-inner-column elementor-element elementor-element-a13952f\" data-id=\"a13952f\" data-element_type=\"column\" data-e-type=\"column\">\n\t\t\t<div class=\"elementor-widget-wrap elementor-element-populated\">\n\t\t\t\t\t\t<div class=\"elementor-element elementor-element-157c60c elementor-widget elementor-widget-button\" data-id=\"157c60c\" data-element_type=\"widget\" data-e-type=\"widget\" data-widget_type=\"button.default\">\n\t\t\t\t<div class=\"elementor-widget-container\">\n\t\t\t\t\t\t\t\t\t<div class=\"elementor-button-wrapper\">\n\t\t\t\t\t<a class=\"elementor-button elementor-button-link elementor-size-sm\" href=\"http:\/\/nele-stroebel.de\/wp-content\/uploads\/2022\/11\/WEBSITE-ABOUT-vita-BRIEF-HOLSTEINISCHE-1.pdf\" target=\"_blank\">\n\t\t\t\t\t\t<span class=\"elementor-button-content-wrapper\">\n\t\t\t\t\t\t<span class=\"elementor-button-icon\">\n\t\t\t\t<i aria-hidden=\"true\" class=\"far fa-file-pdf\"><\/i>\t\t\t<\/span>\n\t\t\t\t\t\t\t\t\t<span class=\"elementor-button-text\">Vita depuis 2002 en pdf<\/span>\n\t\t\t\t\t<\/span>\n\t\t\t\t\t<\/a>\n\t\t\t\t<\/div>\n\t\t\t\t\t\t\t\t<\/div>\n\t\t\t\t<\/div>\n\t\t\t\t<div class=\"elementor-element elementor-element-79911e9 elementor-tabs-view-horizontal elementor-widget elementor-widget-tabs\" data-id=\"79911e9\" data-element_type=\"widget\" data-e-type=\"widget\" data-widget_type=\"tabs.default\">\n\t\t\t\t<div class=\"elementor-widget-container\">\n\t\t\t\t\t\t\t<div class=\"elementor-tabs\">\n\t\t\t<div class=\"elementor-tabs-wrapper\" role=\"tablist\" >\n\t\t\t\t\t\t\t\t\t<div id=\"elementor-tab-title-1271\" class=\"elementor-tab-title elementor-tab-desktop-title\" aria-selected=\"true\" data-tab=\"1\" role=\"tab\" tabindex=\"0\" aria-controls=\"elementor-tab-content-1271\" aria-expanded=\"false\">Vita<\/div>\n\t\t\t\t\t\t\t\t\t<div id=\"elementor-tab-title-1272\" class=\"elementor-tab-title elementor-tab-desktop-title\" aria-selected=\"false\" data-tab=\"2\" role=\"tab\" tabindex=\"-1\" aria-controls=\"elementor-tab-content-1272\" aria-expanded=\"false\">Projets\/coop\u00e9rations internationaux<\/div>\n\t\t\t\t\t\t\t\t\t<div id=\"elementor-tab-title-1273\" class=\"elementor-tab-title elementor-tab-desktop-title\" aria-selected=\"false\" data-tab=\"3\" role=\"tab\" tabindex=\"-1\" aria-controls=\"elementor-tab-content-1273\" aria-expanded=\"false\">Enseignement artistique<\/div>\n\t\t\t\t\t\t\t<\/div>\n\t\t\t<div class=\"elementor-tabs-content-wrapper\" role=\"tablist\" aria-orientation=\"vertical\">\n\t\t\t\t\t\t\t\t\t<div class=\"elementor-tab-title elementor-tab-mobile-title\" aria-selected=\"true\" data-tab=\"1\" role=\"tab\" tabindex=\"0\" aria-controls=\"elementor-tab-content-1271\" aria-expanded=\"false\">Vita<\/div>\n\t\t\t\t\t<div id=\"elementor-tab-content-1271\" class=\"elementor-tab-content elementor-clearfix\" data-tab=\"1\" role=\"tabpanel\" aria-labelledby=\"elementor-tab-title-1271\" tabindex=\"0\" hidden=\"false\"><table border=\"0\" width=\"740\" cellspacing=\"0\" align=\"center\">\n<tbody>\n<tr>\n<td>1985-1987<\/td>\n<td>D\u00e9veloppement de base pour Siemens Design Studio Munich : transfert de nouvelles technologies sous forme. Le redesign d&rsquo;un PC a \u00e9t\u00e9 pr\u00e9sent\u00e9 au World Design Congress \u00e0 Washington et au mus\u00e9e de l&rsquo;architecture de Francfort (design now) et a re\u00e7u le prix du design de Rh\u00e9nanie du Nord-Westphalie 95.<\/td>\n<\/tr>\n<tr>\n<td valign=\"top\">1984\/85<\/td>\n<td>Ann\u00e9e de ma\u00eetrise en photographie et morphologie des arts plastiques chez <br \/>Prof. Oswald Oberhuber et Prof. Peter Weibel, Vienne<\/td>\n<\/tr>\n<tr>\n<td>1979-84<\/td>\n<td>Etudes de sculpture avec les professeurs Maria Bilger et Wander Bertoni \u00e0 l&rsquo;Ecole Sup\u00e9rieure des Arts Appliqu\u00e9s de Vienne, dipl\u00f4me, Magister Artium<\/td>\n<\/tr>\n<tr>\n<td valign=\"top\" height=\"18\">1978<\/td>\n<td>Baccalaur\u00e9at, Munich<\/td>\n<\/tr>\n<tr>\n<td>1975\/76<\/td>\n<td>\u00c9tats-Unis baccalaur\u00e9at polytec<\/td>\n<\/tr>\n<tr>\n<td> <\/td>\n<td>n\u00e9 \u00e0 Stuttgart<\/td>\n<\/tr>\n<\/tbody>\n<\/table>\n<\/div>\n\t\t\t\t\t\t\t\t\t<div class=\"elementor-tab-title elementor-tab-mobile-title\" aria-selected=\"false\" data-tab=\"2\" role=\"tab\" tabindex=\"-1\" aria-controls=\"elementor-tab-content-1272\" aria-expanded=\"false\">Projets\/coop\u00e9rations internationaux<\/div>\n\t\t\t\t\t<div id=\"elementor-tab-content-1272\" class=\"elementor-tab-content elementor-clearfix\" data-tab=\"2\" role=\"tabpanel\" aria-labelledby=\"elementor-tab-title-1272\" tabindex=\"0\" hidden=\"hidden\"><table border=\"0\" width=\"740\" cellspacing=\"0\" align=\"center\">\n<tbody>\n<tr>\n<td>2011\/12<\/td>\n<td>\n  <span class=\"blau\"><br \/>\n    <a href=\"http:\/\/nele-stroebel.de\/chittagong%20projekt\/chittagong%20shipwrecking%20project.htm\" target=\"_self\">\u00ab\u00a0ship breaking chittagong\u00a0\u00bb<\/a><br \/>\n  <\/span>\n<\/td>\n<\/tr>\n<tr>\n<td>2005\/8\/9<\/td>\n<td>\n  <span class=\"blau\"><br \/>\n    <a href=\"http:\/\/nele-stroebel.de\/damaskus\/2index.htm\" target=\"_self\">\u00ab\u00a0Ispahan\/ Damaskus\/ Cairo, une trilogie de villes en signes\u00a0\u00bb.<\/a><br \/>\n  <\/span>\n<\/td>\n<\/tr>\n<tr>\n<td width=\"11%\">2003\/4<\/td>\n<td width=\"89%\"><span class=\"blau\"><a href=\"http:\/\/nele-stroebel.de\/imbenge\/imbenge.htm\" target=\"_self\">\u00ab\u00a0imbenge dream house\u00a0\u00bb<\/a><\/span>, Afrique du Sud\/ Johannesburg<\/td>\n<\/tr>\n<tr>\n<td>2003<\/td>\n<td><span class=\"blau\">\u00ab\u00a0inside out\u00a0\u00bb<\/span> Oscar Niemeyer, Brasilia<\/td>\n<\/tr>\n<tr>\n<td>2002<\/td>\n<td><span class=\"blau\">\u00ab\u00a0coding\/decoding\u00a0\u00bb<\/span>, Shanghai<\/td>\n<\/tr>\n<tr>\n<td colspan=\"2\">S\u00e9jours de travail \u00e0 Barcelone, Brasilia, Londres, Long Beach, Madras, New York, Niteroi, Paris, Salzbourg, Vienne, Zurich.<\/td>\n<\/tr>\n<\/tbody>\n<\/table>\n<\/div>\n\t\t\t\t\t\t\t\t\t<div class=\"elementor-tab-title elementor-tab-mobile-title\" aria-selected=\"false\" data-tab=\"3\" role=\"tab\" tabindex=\"-1\" aria-controls=\"elementor-tab-content-1273\" aria-expanded=\"false\">Enseignement artistique<\/div>\n\t\t\t\t\t<div id=\"elementor-tab-content-1273\" class=\"elementor-tab-content elementor-clearfix\" data-tab=\"3\" role=\"tabpanel\" aria-labelledby=\"elementor-tab-title-1273\" tabindex=\"0\" hidden=\"hidden\"><table border=\"0\" width=\"740\" cellspacing=\"0\" align=\"center\">\n<tbody>\n<tr>\n<td>2004\/6<\/td>\n<td>Charg\u00e9 de cours sur les bases de la conception \u00e0 la FH de Munich<\/td>\n<\/tr>\n<tr>\n<td width=\"11%\">2000\/04<\/td>\n<td width=\"89%\">PROJET \u00c9TUDIANTS <span class=\"blau\">\u00ab\u00a0une chambre pour soi seul\u00a0\u00bb<\/span><br \/>Chaire du professeur Uwe Kiessler,<br \/><span class=\"blau\">\u00ab\u00a0Oben unten, Stachus Projekt\u00a0\u00bb<\/span>, Chaire du professeur Ingrid Krau<br \/>Coop\u00e9ration avec l&rsquo;Institut d&rsquo;urbanisme de l&rsquo;Universit\u00e9 technique de Munich <span class=\"blau\">\u00ab\u00a0Projet 2010<\/span><\/td>\n<\/tr>\n<tr>\n<td>2003<\/td>\n<td>Le laboratoire de design de Siemens \u00e0 Shanghai<\/td>\n<\/tr>\n<tr>\n<td>1991-92<\/td>\n<td>Professeur invit\u00e9 \u00e0 la HdK Berlin<\/td>\n<\/tr>\n<tr>\n<td>1986<\/td>\n<td>Bases plastiques Masque, Cologne<\/td>\n<\/tr>\n<\/tbody>\n<\/table>\n<\/div>\n\t\t\t\t\t\t\t<\/div>\n\t\t<\/div>\n\t\t\t\t\t\t<\/div>\n\t\t\t\t<\/div>\n\t\t\t\t\t<\/div>\n\t\t<\/div>\n\t\t\t\t<div class=\"elementor-column elementor-col-50 elementor-inner-column elementor-element elementor-element-7336e43\" data-id=\"7336e43\" data-element_type=\"column\" data-e-type=\"column\">\n\t\t\t<div class=\"elementor-widget-wrap elementor-element-populated\">\n\t\t\t\t\t\t<div class=\"elementor-element elementor-element-ffaf38c elementor-widget elementor-widget-image\" data-id=\"ffaf38c\" data-element_type=\"widget\" data-e-type=\"widget\" data-widget_type=\"image.default\">\n\t\t\t\t<div class=\"elementor-widget-container\">\n\t\t\t\t\t\t\t\t\t\t\t\t\t\t\t<img fetchpriority=\"high\" decoding=\"async\" width=\"199\" height=\"300\" src=\"https:\/\/nele-stroebel.de\/wp-content\/uploads\/2021\/03\/portrait-klein-199x300.jpg\" class=\"attachment-medium size-medium wp-image-14803\" alt=\"\" srcset=\"https:\/\/nele-stroebel.de\/wp-content\/uploads\/2021\/03\/portrait-klein-199x300.jpg 199w, https:\/\/nele-stroebel.de\/wp-content\/uploads\/2021\/03\/portrait-klein.jpg 510w\" sizes=\"(max-width: 199px) 100vw, 199px\" \/>\t\t\t\t\t\t\t\t\t\t\t\t\t\t\t<\/div>\n\t\t\t\t<\/div>\n\t\t\t\t\t<\/div>\n\t\t<\/div>\n\t\t\t\t\t<\/div>\n\t\t<\/section>\n\t\t\t\t\t<\/div>\n\t\t<\/div>\n\t\t\t\t\t<\/div>\n\t\t<\/section>\n\t\t\t\t<\/div>\n\t\t","protected":false},"excerpt":{"rendered":"<p>Prix et bourses Achats dans les collections publiques Travailler dans l&rsquo;espace public Prix et bourses 2022 Bourse d&#8217;\u00e9tudes Kunstfond et K\u00fcnstlerbund Neustart Kultur 2020 Bourse de l&#8217;espace public du StMWK bavarois \u00e0 Munich 2002 Prix Karl Buchrucker pour les arts visuels 2001 2e prix : projet de chapelle RKK Munich 1995 Prix du design NRW [&hellip;]<\/p>\n","protected":false},"author":1,"featured_media":0,"parent":0,"menu_order":0,"comment_status":"closed","ping_status":"closed","template":"","meta":{"ngg_post_thumbnail":0,"footnotes":""},"class_list":["post-15673","page","type-page","status-publish","hentry"],"_links":{"self":[{"href":"https:\/\/nele-stroebel.de\/fr\/wp-json\/wp\/v2\/pages\/15673","targetHints":{"allow":["GET"]}}],"collection":[{"href":"https:\/\/nele-stroebel.de\/fr\/wp-json\/wp\/v2\/pages"}],"about":[{"href":"https:\/\/nele-stroebel.de\/fr\/wp-json\/wp\/v2\/types\/page"}],"author":[{"embeddable":true,"href":"https:\/\/nele-stroebel.de\/fr\/wp-json\/wp\/v2\/users\/1"}],"replies":[{"embeddable":true,"href":"https:\/\/nele-stroebel.de\/fr\/wp-json\/wp\/v2\/comments?post=15673"}],"version-history":[{"count":3,"href":"https:\/\/nele-stroebel.de\/fr\/wp-json\/wp\/v2\/pages\/15673\/revisions"}],"predecessor-version":[{"id":15691,"href":"https:\/\/nele-stroebel.de\/fr\/wp-json\/wp\/v2\/pages\/15673\/revisions\/15691"}],"wp:attachment":[{"href":"https:\/\/nele-stroebel.de\/fr\/wp-json\/wp\/v2\/media?parent=15673"}],"curies":[{"name":"wp","href":"https:\/\/api.w.org\/{rel}","templated":true}]}}