{"id":16009,"date":"2021-02-02T14:55:37","date_gmt":"2021-02-02T13:55:37","guid":{"rendered":"https:\/\/nele-stroebel.de\/bibliografia-catalogos\/"},"modified":"2023-08-09T23:29:36","modified_gmt":"2023-08-09T21:29:36","slug":"bibliografia-catalogos","status":"publish","type":"page","link":"https:\/\/nele-stroebel.de\/es\/bibliografia-catalogos\/","title":{"rendered":"Bibliograf\u00eda \/ Cat\u00e1logos"},"content":{"rendered":"\t\t<div data-elementor-type=\"wp-page\" data-elementor-id=\"16009\" class=\"elementor elementor-16009 elementor-9192\">\n\t\t\t\t\t\t<section class=\"elementor-section elementor-top-section elementor-element elementor-element-582ada5 elementor-section-boxed elementor-section-height-default elementor-section-height-default\" data-id=\"582ada5\" data-element_type=\"section\" data-e-type=\"section\">\n\t\t\t\t\t\t<div class=\"elementor-container elementor-column-gap-default\">\n\t\t\t\t\t<div class=\"elementor-column elementor-col-100 elementor-top-column elementor-element elementor-element-8a66839\" data-id=\"8a66839\" data-element_type=\"column\" data-e-type=\"column\">\n\t\t\t<div class=\"elementor-widget-wrap elementor-element-populated\">\n\t\t\t\t\t\t<div class=\"elementor-element elementor-element-394bea0 elementor-tabs-view-horizontal elementor-widget elementor-widget-tabs\" data-id=\"394bea0\" data-element_type=\"widget\" data-e-type=\"widget\" data-widget_type=\"tabs.default\">\n\t\t\t\t<div class=\"elementor-widget-container\">\n\t\t\t\t\t\t\t<div class=\"elementor-tabs\">\n\t\t\t<div class=\"elementor-tabs-wrapper\" role=\"tablist\" >\n\t\t\t\t\t\t\t\t\t<div id=\"elementor-tab-title-6001\" class=\"elementor-tab-title elementor-tab-desktop-title\" aria-selected=\"true\" data-tab=\"1\" role=\"tab\" tabindex=\"0\" aria-controls=\"elementor-tab-content-6001\" aria-expanded=\"false\">Monograf\u00edas Nele Str\u00f6bel:<\/div>\n\t\t\t\t\t\t\t\t\t<div id=\"elementor-tab-title-6002\" class=\"elementor-tab-title elementor-tab-desktop-title\" aria-selected=\"false\" data-tab=\"2\" role=\"tab\" tabindex=\"-1\" aria-controls=\"elementor-tab-content-6002\" aria-expanded=\"false\">Contribuciones en TV<\/div>\n\t\t\t\t\t\t\t\t\t<div id=\"elementor-tab-title-6003\" class=\"elementor-tab-title elementor-tab-desktop-title\" aria-selected=\"false\" data-tab=\"3\" role=\"tab\" tabindex=\"-1\" aria-controls=\"elementor-tab-content-6003\" aria-expanded=\"false\">Textos<\/div>\n\t\t\t\t\t\t\t\t\t<div id=\"elementor-tab-title-6004\" class=\"elementor-tab-title elementor-tab-desktop-title\" aria-selected=\"false\" data-tab=\"4\" role=\"tab\" tabindex=\"-1\" aria-controls=\"elementor-tab-content-6004\" aria-expanded=\"false\">Libros<\/div>\n\t\t\t\t\t\t\t<\/div>\n\t\t\t<div class=\"elementor-tabs-content-wrapper\" role=\"tablist\" aria-orientation=\"vertical\">\n\t\t\t\t\t\t\t\t\t<div class=\"elementor-tab-title elementor-tab-mobile-title\" aria-selected=\"true\" data-tab=\"1\" role=\"tab\" tabindex=\"0\" aria-controls=\"elementor-tab-content-6001\" aria-expanded=\"false\">Monograf\u00edas Nele Str\u00f6bel:<\/div>\n\t\t\t\t\t<div id=\"elementor-tab-content-6001\" class=\"elementor-tab-content elementor-clearfix\" data-tab=\"1\" role=\"tabpanel\" aria-labelledby=\"elementor-tab-title-6001\" tabindex=\"0\" hidden=\"false\"><table>\n<tbody>\n<tr>\n<td>2020<\/td>\n<td width=\"\">978-3-945055-<\/td>\n<td><\/td>\n<\/tr>\n<tr>\n<td>2020<\/td>\n<td>978-3-945055-<\/td>\n<td><\/td>\n<\/tr>\n<tr>\n<td>2019<\/td>\n<td>978-3-945055-10-6<\/td>\n<td>sal\u00f3n n\u00f3madas<\/td>\n<\/tr>\n<tr>\n<td>2019<\/td>\n<td>978-3-945055-11-3<\/td>\n<td>cartograf\u00eda III<\/td>\n<\/tr>\n<tr>\n<td>2016<\/td>\n<td>978-3-945055-40-3<\/td>\n<td>spacework\/urbanwork, concursos hasta 2016<\/td>\n<\/tr>\n<tr>\n<td>2016<\/td>\n<td>978-3-945055-39-7<\/td>\n<td>lost&amp;found en Berl\u00edn<\/td>\n<\/tr>\n<tr>\n<td>2016<\/td>\n<td>978-3-945055-97-7<\/td>\n<td>reparaciones del mundo_dessau remix, 2000-2016<\/td>\n<\/tr>\n<tr>\n<td>2014<\/td>\n<td>978-3-929363-36-4<\/td>\n<td>EL OTRO JARD\u00cdN, jardiner\u00eda urbana en neuk\u00f6lln<\/td>\n<\/tr>\n<tr>\n<td>2011<\/td>\n<td>978-3-945055-00-7<\/td>\n<td>art-case-gasteig<\/td>\n<\/tr>\n<tr>\n<td>2010<\/td>\n<td>978-3-945055-01-4<\/td>\n<td>nuevos orientales, paseos multimedia por Ispah\u00e1n, El Cairo y Damasco<\/td>\n<\/tr>\n<tr>\n<td>2009<\/td>\n<td>978-3-00-027087-1<\/td>\n<td>dando vueltas\/ en todas direcciones, 15 a\u00f1os\/ exposici\u00f3n de obras en la galer\u00eda de BayernLB, M\u00fanich<\/td>\n<\/tr>\n<tr>\n<td>2008<\/td>\n<td>978-3-00-025065-1<\/td>\n<td>POP-UP, de la superficie a la sala, Die Neue Sammlung \/Pinakothek der Moderne<\/td>\n<\/tr>\n<tr>\n<td>2008<\/td>\n<td>978-3-00-025017-0<\/td>\n<td>OPEN WALLS, Di\u00f6zesanmuseum Regensburg. Volumen 34<\/td>\n<\/tr>\n<tr>\n<td>2006<\/td>\n<td>978-3-422-06658-8<\/td>\n<td>HORTUS CONCLUSUS, un espacio espiritual se convierte en cuadro, D. Kunstverlag, M\u00fanich<\/td>\n<\/tr>\n<tr>\n<td>2005<\/td>\n<td>978-3-897-90222-0<\/td>\n<td>imbenge-dreamhouse, V\u00f6lkerkundemuseum M\u00fcnchen,ARNOLDSCHE. 3-89790-222-2<\/td>\n<\/tr>\n<tr>\n<td>2003<\/td>\n<td><\/td>\n<td>arte e ingenier\u00eda, EPO-Belvederepark, Viena<\/td>\n<\/tr>\n<tr>\n<td>2002<\/td>\n<td>3-89675-979-5<\/td>\n<td>reparaciones del mundo, Maximiliansforum, M\u00fanich<\/td>\n<\/tr>\n<tr>\n<td>2002<\/td>\n<td><\/td>\n<td>arte e ingenier\u00eda, Autoridad Suprema de la Construcci\u00f3n, M\u00fanich<\/td>\n<\/tr>\n<tr>\n<td>2002<\/td>\n<td><\/td>\n<td>inside_out una instalaci\u00f3n de cubos de az\u00facar, e.on\/Piazza, M\u00fanich<\/td>\n<\/tr>\n<tr>\n<td>2001<\/td>\n<td><\/td>\n<td>La biblioteca de Hertha Einstein-Nathorff, VCD 2000<\/td>\n<\/tr>\n<tr>\n<td>2000<\/td>\n<td><\/td>\n<td>reparaciones del mundo, Nuevo Museo de la Ciudad de Landsberg<\/td>\n<\/tr>\n<tr>\n<td>1998<\/td>\n<td>3-00-002731-9<\/td>\n<td>spacework-urbanwork, REM &#8211; Un viaje a los espacios ocultos, Galerie Karin Sachs<\/td>\n<\/tr>\n<tr>\n<td>1995<\/td>\n<td><\/td>\n<td>stadt der t\u00f6ne, Galer\u00eda Karin Sachs, M\u00fanich<\/td>\n<\/tr>\n<tr>\n<td>1993<\/td>\n<td><\/td>\n<td>Naumburgprojekt, Havarie, Galerie R\u00f6ssler, en el contexto del arte abierto, M\u00fanich<\/td>\n<\/tr>\n<tr>\n<td>1991<\/td>\n<td><\/td>\n<td>Desde el arco de medio punto, Kunstverein, Rosenheim<\/td>\n<\/tr>\n<tr>\n<td>1988<\/td>\n<td><\/td>\n<td>Der Berg steht auf, serie de debutantes, Galerie der K\u00fcnstler, M\u00fanich<\/td>\n<\/tr>\n<\/tbody>\n<\/table>\n<\/div>\n\t\t\t\t\t\t\t\t\t<div class=\"elementor-tab-title elementor-tab-mobile-title\" aria-selected=\"false\" data-tab=\"2\" role=\"tab\" tabindex=\"-1\" aria-controls=\"elementor-tab-content-6002\" aria-expanded=\"false\">Contribuciones en TV<\/div>\n\t\t\t\t\t<div id=\"elementor-tab-content-6002\" class=\"elementor-tab-content elementor-clearfix\" data-tab=\"2\" role=\"tabpanel\" aria-labelledby=\"elementor-tab-title-6002\" tabindex=\"0\" hidden=\"hidden\"><table border=\"0\" width=\"740\" cellspacing=\"0\" align=\"center\">\n<tbody>\n<tr valign=\"top\">\n<td colspan=\"3\">\n<h3 class=\"vita\">Selecci\u00f3n de contribuciones<\/h3>\n<\/td>\n<\/tr>\n<tr>\n<td colspan=\"3\">BR 2, Thomas Senne, \u00abDe prototipos y modelos\u00bb 2018<\/td>\n<\/tr>\n<tr>\n<td colspan=\"3\">BR Alpha Kunstraum: \u00bb el otro jard\u00edn\u00bb 2014<\/td>\n<\/tr>\n<tr>\n<td colspan=\"3\">BR Alpha Kunstraum: \u00abAguas que caen\u00bb 2012<\/td>\n<\/tr>\n<tr>\n<td colspan=\"3\">BR, C.A.M.P.TV: Nele Str\u00f6bel, Retrato de artista\u00bb 2003<\/td>\n<\/tr>\n<tr>\n<td colspan=\"3\">BR, Petra Dilthey: \u00abNele Str\u00f6bel, \u00bfartista adicta al trabajo?\u00bb 1999<\/td>\n<\/tr>\n<tr>\n<td colspan=\"3\">Gudrun Lenz, RFL, BR \u00abNele Str\u00f6bel 3x in Landshut\u00bb 1992<\/td>\n<\/tr>\n<tr>\n<td colspan=\"3\">ORF : Informe del simposio Bl\u00fcmling: Nele Str\u00f6bel \u00abVom Leben der Dinge\u00bb, 1991<\/td>\n<\/tr>\n<\/tbody>\n<\/table>\n<\/div>\n\t\t\t\t\t\t\t\t\t<div class=\"elementor-tab-title elementor-tab-mobile-title\" aria-selected=\"false\" data-tab=\"3\" role=\"tab\" tabindex=\"-1\" aria-controls=\"elementor-tab-content-6003\" aria-expanded=\"false\">Textos<\/div>\n\t\t\t\t\t<div id=\"elementor-tab-content-6003\" class=\"elementor-tab-content elementor-clearfix\" data-tab=\"3\" role=\"tabpanel\" aria-labelledby=\"elementor-tab-title-6003\" tabindex=\"0\" hidden=\"hidden\"><table dir=\"ltr\" border=\"1\" cellspacing=\"0\" cellpadding=\"0\">\n<colgroup>\n<col width=\"539\">\n<col width=\"100\">\n<col width=\"100\"><\/colgroup>\n<tbody>\n<tr>\n<td colspan=\"3\" rowspan=\"1\" data-sheets-value=\"{\">Johannes Muggenthaler, 2019. \u00abnomaden salon_ la vida de un artista\u00bb<\/td>\n<\/tr>\n<tr>\n<td colspan=\"3\" rowspan=\"1\" data-sheets-value=\"{\">Dr. Christian Schoen, 2019. \u00abintroducci\u00f3n al sal\u00f3n n\u00f3mada\u00bb<\/td>\n<\/tr>\n<tr>\n<td colspan=\"3\" rowspan=\"1\" data-sheets-value=\"{\">Nele Str\u00f6bel; M.A.; Comisaria, 2019, \u00absal\u00f3n de nomaden\u00bb y \u00abDisposici\u00f3n experimental para la investigaci\u00f3n de campo\u00bb<\/td>\n<\/tr>\n<tr>\n<td colspan=\"3\" rowspan=\"1\" data-sheets-value=\"{\">Dr. Christian Schoen, 2019. \u00abNele Str\u00f6bel\u00bb<\/td>\n<\/tr>\n<tr>\n<td colspan=\"3\" rowspan=\"1\" data-sheets-value=\"{\">Dra. Doroth\u00e9e Bauerle-Willert, 2019, \u00abFormas del mundo\u00bb<\/td>\n<\/tr>\n<tr>\n<td colspan=\"3\" rowspan=\"1\" data-sheets-value=\"{\">Nele Str\u00f6bel; M.A., 2019, \u00abcartograf\u00eda III\u00bb<\/td>\n<\/tr>\n<tr>\n<td colspan=\"3\" rowspan=\"1\" data-sheets-value=\"{\">Kalle Lenz; SAC, 2019 \u00abPeregrinaci\u00f3n- una actitud ante la vida\u00bb.<\/td>\n<\/tr>\n<tr>\n<td colspan=\"3\" rowspan=\"1\" data-sheets-value=\"{\">Brigitta Petschek-Sommer, 2014. \u00ab\u00bfCu\u00e1l es la relaci\u00f3n entre arte y naturaleza?\u00bb<\/td>\n<\/tr>\n<tr>\n<td colspan=\"3\" rowspan=\"1\" data-sheets-value=\"{\">Dra. Gudrun Pamme-Vogelsang, 2014. \u00abu. g.- una exploraci\u00f3n art\u00edstica de un fen\u00f3meno urbano\u00bb.<\/td>\n<\/tr>\n<tr>\n<td colspan=\"3\" rowspan=\"1\" data-sheets-value=\"{\">Nele Str\u00f6bel; M.A., 2014, \u00abder andere garten\u00bb (el otro jard\u00edn)<\/td>\n<\/tr>\n<tr>\n<td colspan=\"3\" rowspan=\"1\" data-sheets-value=\"{\">Dra. Christa M\u00fcller, 2014, \u00abjardiner\u00eda urbana en la sociedad acelerada\u00bb.<\/td>\n<\/tr>\n<tr>\n<td colspan=\"3\" rowspan=\"1\" data-sheets-value=\"{\">\u00abEdificios altos en el Sudeste Asi\u00e1tico: un enfoque humanista del rascacielos tropical\u00bb, 2014.<\/td>\n<\/tr>\n<tr>\n<td colspan=\"3\" rowspan=\"1\" data-sheets-value=\"{\">Sybille Loew, 2014. \u00abintervenci\u00f3n subversiva &#8211; plantas bordadas\u00bb<\/td>\n<\/tr>\n<tr>\n<td colspan=\"3\" rowspan=\"1\" data-sheets-value=\"{\">Nele Str\u00f6bel; M.A., 2010,\u00bb nuevos orientales\u00bb<\/td>\n<\/tr>\n<tr>\n<td colspan=\"3\" rowspan=\"1\" data-sheets-value=\"{\">Dra. Doroth\u00e9e Bauerle-Willert, 2009: \u00abEncirclement &#8211; from all directions. Sobre algunas obras de Nele Str\u00f6bel\u00bb.<\/td>\n<\/tr>\n<tr>\n<td colspan=\"3\" rowspan=\"1\" data-sheets-value=\"{\">Dra. Corinna R\u00f6sner; Prof.Dr. Bernhard Waldenfels; Herbert Schultes, 2008: \u00abPOP-UP\u00bb.<\/td>\n<\/tr>\n<tr>\n<td colspan=\"3\" rowspan=\"1\" data-sheets-value=\"{\">Dagmar Schott; M.A., 2008, \u00abPROYECTO DAMASKUS\u00bb<\/td>\n<\/tr>\n<tr>\n<td colspan=\"3\" rowspan=\"1\" data-sheets-value=\"{\">Dr. Gottfried Knapp, 2007: \u00abInstalaci\u00f3n de Nele Str\u00f6bel en la capilla de San Esteban de Ratisbona\u00bb.<\/td>\n<\/tr>\n<tr>\n<td colspan=\"3\" rowspan=\"1\" data-sheets-value=\"{\">Advertencia de Wilhelm, 2007: \u00abreparaci\u00f3n in situ\u00bb.<\/td>\n<\/tr>\n<tr>\n<td colspan=\"3\" rowspan=\"1\" data-sheets-value=\"{\">Dr. Walter Zahner, 2006: HORTUS CONCLUSUS, un espacio intelectual se convierte en imagen<\/td>\n<\/tr>\n<tr>\n<td colspan=\"3\" rowspan=\"1\" data-sheets-value=\"{\">Dra. Esther Meier, 2006: \u00abLa cuesti\u00f3n de dentro y fuera\u00bb.<\/td>\n<\/tr>\n<tr>\n<td colspan=\"3\" rowspan=\"1\" data-sheets-value=\"{\">Dr Reinhold Then, 2006: \u00abDel jard\u00edn al para\u00edso\u00bb.<\/td>\n<\/tr>\n<tr>\n<td colspan=\"3\" rowspan=\"1\" data-sheets-value=\"{\">Advertencia de Wilhelm, 2006: \u00abPatterns<\/td>\n<\/tr>\n<tr>\n<td colspan=\"3\" rowspan=\"1\" data-sheets-value=\"{\">Dr. Stefan Eisenhofer; Wilhelm Warning, 2005: \u00abimbenge-dreamhouse\u00bb.<\/td>\n<\/tr>\n<tr>\n<td colspan=\"3\" rowspan=\"1\" data-sheets-value=\"{\">Prof.Dr. Bernhard Waldenfels, 2005: \u00abmacht musik\u00bb (hace m\u00fasica)<\/td>\n<\/tr>\n<tr>\n<td colspan=\"3\" rowspan=\"1\" data-sheets-value=\"{\">Dra. Barbara Rollmann Dra. Monika Poalas, 2003: \u00abarte e ingenier\u00eda\u00bb.<\/td>\n<\/tr>\n<tr>\n<td colspan=\"3\" rowspan=\"1\" data-sheets-value=\"{\">Prof. Dra. Dra. Lydia Hartl, 2002, \u00abReparaciones del mundo\u00bb.<\/td>\n<\/tr>\n<tr>\n<td colspan=\"3\" rowspan=\"1\" data-sheets-value=\"{\">Dra. Daniela Rippl, 2002, \u00abReparaciones del mundo\u00bb.<\/td>\n<\/tr>\n<tr>\n<td colspan=\"3\" rowspan=\"1\" data-sheets-value=\"{\">Dr.Paul Parin, 2002, \u00abReparaciones del mundo\u00bb.<\/td>\n<\/tr>\n<tr>\n<td colspan=\"3\" rowspan=\"1\" data-sheets-value=\"{\">Prof.Dr.Bernhard Waldenfels, 2002, \u00abreparaciones del mundo\u00bb.<\/td>\n<\/tr>\n<tr>\n<td colspan=\"3\" rowspan=\"1\" data-sheets-value=\"{\">Dra. Ulrike Leuschner, 2002, \u00abReparaciones del mundo\u00bb.<\/td>\n<\/tr>\n<tr>\n<td colspan=\"3\" rowspan=\"1\" data-sheets-value=\"{\">Hartfrid Neunzert, 2002, \u00abreparaciones del mundo\u00bb.<\/td>\n<\/tr>\n<tr>\n<td colspan=\"3\" rowspan=\"1\" data-sheets-value=\"{\">Dra. Marlene Lauter, 2002, \u00abReparaciones del mundo\u00bb.<\/td>\n<\/tr>\n<tr>\n<td colspan=\"3\" rowspan=\"1\" data-sheets-value=\"{\">Prof. Dr. Heidrun Friese, 2002, \u00abReparaciones del mundo\u00bb.<\/td>\n<\/tr>\n<tr>\n<td colspan=\"3\" rowspan=\"1\" data-sheets-value=\"{\">Prof.Dr. Ingrid Krau, 2002, \u00abreparaciones del mundo\u00bb.<\/td>\n<\/tr>\n<tr>\n<td colspan=\"3\" rowspan=\"1\" data-sheets-value=\"{\">Prof. Erem. Friedrich Kurrent, 2002, \u00abReparaciones del mundo\u00bb.<\/td>\n<\/tr>\n<tr>\n<td colspan=\"3\" rowspan=\"1\" data-sheets-value=\"{\">Dieter Str\u00f6bel, 2002, \u00abReparaciones del mundo\u00bb.<\/td>\n<\/tr>\n<tr>\n<td colspan=\"3\" rowspan=\"1\" data-sheets-value=\"{\">Prof. Christiane Thalgott, 2002, \u00abReparaciones del mundo\u00bb.<\/td>\n<\/tr>\n<tr>\n<td colspan=\"3\" rowspan=\"1\" data-sheets-value=\"{\">Peider A. Defilla, 2002, \u00abReparaciones del mundo\u00bb.<\/td>\n<\/tr>\n<tr>\n<td colspan=\"3\" rowspan=\"1\" data-sheets-value=\"{\">Dra. Hildegard Kronawitter, 2002, \u00abreparaciones del mundo\u00bb.<\/td>\n<\/tr>\n<tr>\n<td colspan=\"3\" rowspan=\"1\" data-sheets-value=\"{\">Dra. Anneliese Durst, 2002, \u00abReparaciones del mundo\u00bb.<\/td>\n<\/tr>\n<tr>\n<td colspan=\"3\" rowspan=\"1\" data-sheets-value=\"{\">Prof. Dra. Cornelia L\u00fcdecke, 2002, \u00abReparaciones del mundo\u00bb.<\/td>\n<\/tr>\n<tr>\n<td colspan=\"3\" rowspan=\"1\" data-sheets-value=\"{\">H. Schultes &amp; Roland Schoeffel, 2002, \u00abReparaciones del mundo\u00bb.<\/td>\n<\/tr>\n<tr>\n<td colspan=\"3\" rowspan=\"1\" data-sheets-value=\"{\">Dra. Barbara Rollmann, 2002 \u00abDe superficies y profundidades\u00bb.<\/td>\n<\/tr>\n<tr>\n<td colspan=\"3\" rowspan=\"1\" data-sheets-value=\"{\">Advertencia Wilhelm, 2002 \u00abinside_out a sugar-cube installation\u00bb.<\/td>\n<\/tr>\n<tr>\n<td colspan=\"3\" rowspan=\"1\" data-sheets-value=\"{\">Dra. Barbara Rollmann, 1998 \u00abspacework urbanwork\u00bb (trabajo espacial y urbano)<\/td>\n<\/tr>\n<tr>\n<td colspan=\"3\" rowspan=\"1\" data-sheets-value=\"{\">Dra. Birgit Sonna, 1998 \u00abspacework urbanwork_the interview\u00bb.<\/td>\n<\/tr>\n<tr>\n<td colspan=\"3\" rowspan=\"1\" data-sheets-value=\"{\">Prof. Bernhard Waldenfels \u00abHammering\u00bb Sense Thresholds; Suhrkamp (stw, 1997)<\/td>\n<\/tr>\n<tr>\n<td colspan=\"3\" rowspan=\"1\" data-sheets-value=\"{\">Dra. Hanne Weskott, 1995 \u00abstadt der t\u00f6ne\u00bb (ciudad del sonido)<\/td>\n<\/tr>\n<tr>\n<td colspan=\"3\" rowspan=\"1\" data-sheets-value=\"{\">Dr. Dietgard Grimmer, 1993 \u00abDe pilares y ciencia rupestre\u00bb.<\/td>\n<\/tr>\n<tr>\n<td colspan=\"3\" rowspan=\"1\" data-sheets-value=\"{\">Franz Peter, 1993 \u00abSobre el proyecto Naumburg<\/td>\n<\/tr>\n<tr>\n<td colspan=\"3\" rowspan=\"1\" data-sheets-value=\"{\">Berthold R\u00f6ssler, 1993 \u00abPromedio\u00bb<\/td>\n<\/tr>\n<tr>\n<td colspan=\"3\" rowspan=\"1\" data-sheets-value=\"{\">Dra. Barbara Rollmann, 1993 \u00abNaumburgprojekt,Havarie\u00bb (Proyecto Naumburg, Promedio)<\/td>\n<\/tr>\n<tr>\n<td colspan=\"3\" rowspan=\"1\" data-sheets-value=\"{\">Benita von Bemberg Flamersheim, 1991 \u00abConstruir puentes\u00bb.<\/td>\n<\/tr>\n<tr>\n<td colspan=\"3\" rowspan=\"1\" data-sheets-value=\"{\">Dr. Hans Leuschner, 1991 \u00abMartillo<\/td>\n<\/tr>\n<tr>\n<td colspan=\"3\" rowspan=\"1\" data-sheets-value=\"{\">Prof. Dr. Bernhard Waldenfels, 1991 \u00abMartilleo\u00bb.<\/td>\n<\/tr>\n<tr>\n<td colspan=\"3\" rowspan=\"1\" data-sheets-value=\"{\">Felix Zdenek, 1988 \u00abBalla y Boccion\u00bb<\/td>\n<\/tr>\n<tr>\n<td colspan=\"3\" rowspan=\"1\" data-sheets-value=\"{\">Christian G\u00f6gger, 1988 \u00abUn enfoque recordado\u00bb<\/td>\n<\/tr>\n<tr>\n<td colspan=\"3\" rowspan=\"1\" data-sheets-value=\"{\">Prof. Friedrich Kurrent, 1988 \u00abLa escultora Nele Str\u00f6bel\u00bb<\/td>\n<\/tr>\n<tr>\n<td colspan=\"3\" rowspan=\"1\" data-sheets-value=\"{\">Prof. Maria Biljan Bilger, 1988 \u00abObjeto y color<\/td>\n<\/tr>\n<\/tbody>\n<\/table>\n<\/div>\n\t\t\t\t\t\t\t\t\t<div class=\"elementor-tab-title elementor-tab-mobile-title\" aria-selected=\"false\" data-tab=\"4\" role=\"tab\" tabindex=\"-1\" aria-controls=\"elementor-tab-content-6004\" aria-expanded=\"false\">Libros<\/div>\n\t\t\t\t\t<div id=\"elementor-tab-content-6004\" class=\"elementor-tab-content elementor-clearfix\" data-tab=\"4\" role=\"tabpanel\" aria-labelledby=\"elementor-tab-title-6004\" tabindex=\"0\" hidden=\"hidden\"><p><img fetchpriority=\"high\" decoding=\"async\" class=\"alignnone size-full wp-image-10699\" src=\"http:\/\/nele-stroebel.de\/wp-content\/uploads\/2021\/03\/alle-buecher-neu.jpg\" alt=\"\" width=\"853\" height=\"1962\" srcset=\"https:\/\/nele-stroebel.de\/wp-content\/uploads\/2021\/03\/alle-buecher-neu.jpg 853w, https:\/\/nele-stroebel.de\/wp-content\/uploads\/2021\/03\/alle-buecher-neu-130x300.jpg 130w, https:\/\/nele-stroebel.de\/wp-content\/uploads\/2021\/03\/alle-buecher-neu-445x1024.jpg 445w, https:\/\/nele-stroebel.de\/wp-content\/uploads\/2021\/03\/alle-buecher-neu-768x1766.jpg 768w, https:\/\/nele-stroebel.de\/wp-content\/uploads\/2021\/03\/alle-buecher-neu-668x1536.jpg 668w\" sizes=\"(max-width: 853px) 100vw, 853px\" \/><\/p>\n<\/div>\n\t\t\t\t\t\t\t<\/div>\n\t\t<\/div>\n\t\t\t\t\t\t<\/div>\n\t\t\t\t<\/div>\n\t\t\t\t\t<\/div>\n\t\t<\/div>\n\t\t\t\t\t<\/div>\n\t\t<\/section>\n\t\t\t\t<\/div>\n\t\t","protected":false},"excerpt":{"rendered":"<p>Monograf\u00edas Nele Str\u00f6bel: Contribuciones en TV Textos Libros Monograf\u00edas Nele Str\u00f6bel: 2020 978-3-945055- 2020 978-3-945055- 2019 978-3-945055-10-6 sal\u00f3n n\u00f3madas 2019 978-3-945055-11-3 cartograf\u00eda III 2016 978-3-945055-40-3 spacework\/urbanwork, concursos hasta 2016 2016 978-3-945055-39-7 lost&amp;found en Berl\u00edn 2016 978-3-945055-97-7 reparaciones del mundo_dessau remix, 2000-2016 2014 978-3-929363-36-4 EL OTRO JARD\u00cdN, jardiner\u00eda urbana en neuk\u00f6lln 2011 978-3-945055-00-7 art-case-gasteig 2010 978-3-945055-01-4 [&hellip;]<\/p>\n","protected":false},"author":1,"featured_media":0,"parent":0,"menu_order":0,"comment_status":"closed","ping_status":"closed","template":"","meta":{"ngg_post_thumbnail":0,"footnotes":""},"class_list":["post-16009","page","type-page","status-publish","hentry"],"_links":{"self":[{"href":"https:\/\/nele-stroebel.de\/es\/wp-json\/wp\/v2\/pages\/16009","targetHints":{"allow":["GET"]}}],"collection":[{"href":"https:\/\/nele-stroebel.de\/es\/wp-json\/wp\/v2\/pages"}],"about":[{"href":"https:\/\/nele-stroebel.de\/es\/wp-json\/wp\/v2\/types\/page"}],"author":[{"embeddable":true,"href":"https:\/\/nele-stroebel.de\/es\/wp-json\/wp\/v2\/users\/1"}],"replies":[{"embeddable":true,"href":"https:\/\/nele-stroebel.de\/es\/wp-json\/wp\/v2\/comments?post=16009"}],"version-history":[{"count":1,"href":"https:\/\/nele-stroebel.de\/es\/wp-json\/wp\/v2\/pages\/16009\/revisions"}],"predecessor-version":[{"id":16010,"href":"https:\/\/nele-stroebel.de\/es\/wp-json\/wp\/v2\/pages\/16009\/revisions\/16010"}],"wp:attachment":[{"href":"https:\/\/nele-stroebel.de\/es\/wp-json\/wp\/v2\/media?parent=16009"}],"curies":[{"name":"wp","href":"https:\/\/api.w.org\/{rel}","templated":true}]}}