{"id":16007,"date":"2020-09-23T04:32:12","date_gmt":"2020-09-23T02:32:12","guid":{"rendered":"https:\/\/nele-stroebel.de\/politica-de-privacidad\/"},"modified":"2023-08-09T23:29:35","modified_gmt":"2023-08-09T21:29:35","slug":"politica-de-privacidad","status":"publish","type":"page","link":"https:\/\/nele-stroebel.de\/es\/politica-de-privacidad\/","title":{"rendered":"Pol\u00edtica de privacidad"},"content":{"rendered":"\t\t<div data-elementor-type=\"wp-page\" data-elementor-id=\"16007\" class=\"elementor elementor-16007 elementor-2494\">\n\t\t\t\t\t\t<section class=\"elementor-section elementor-top-section elementor-element elementor-element-101c14db elementor-section-boxed elementor-section-height-default elementor-section-height-default\" data-id=\"101c14db\" data-element_type=\"section\" data-e-type=\"section\" data-settings=\"{&quot;background_background&quot;:&quot;classic&quot;}\">\n\t\t\t\t\t\t<div class=\"elementor-container elementor-column-gap-no\">\n\t\t\t\t\t<div class=\"elementor-column elementor-col-100 elementor-top-column elementor-element elementor-element-4cb6512a\" data-id=\"4cb6512a\" data-element_type=\"column\" data-e-type=\"column\">\n\t\t\t<div class=\"elementor-widget-wrap elementor-element-populated\">\n\t\t\t\t\t\t<section class=\"elementor-section elementor-inner-section elementor-element elementor-element-50f3f58a elementor-section-boxed elementor-section-height-default elementor-section-height-default\" data-id=\"50f3f58a\" data-element_type=\"section\" data-e-type=\"section\">\n\t\t\t\t\t\t<div class=\"elementor-container elementor-column-gap-default\">\n\t\t\t\t\t<div class=\"elementor-column elementor-col-100 elementor-inner-column elementor-element elementor-element-49ba3fc\" data-id=\"49ba3fc\" data-element_type=\"column\" data-e-type=\"column\">\n\t\t\t<div class=\"elementor-widget-wrap\">\n\t\t\t\t\t\t\t<\/div>\n\t\t<\/div>\n\t\t\t\t\t<\/div>\n\t\t<\/section>\n\t\t\t\t<div class=\"elementor-element elementor-element-6f40d29e elementor-invisible elementor-widget elementor-widget-text-editor\" data-id=\"6f40d29e\" data-element_type=\"widget\" data-e-type=\"widget\" data-settings=\"{&quot;_animation&quot;:&quot;fadeIn&quot;}\" data-widget_type=\"text-editor.default\">\n\t\t\t\t<div class=\"elementor-widget-container\">\n\t\t\t\t\t\t\t\t\t<h1>Pol\u00edtica de privacidad<\/h1>\n<h2>1. la protecci\u00f3n de datos de un vistazo<\/h2>\n<h3>Notas generales<\/h3>\n<p>Los siguientes avisos ofrecen una visi\u00f3n sencilla de lo que ocurre con sus datos personales cuando visita este sitio web. Los datos personales son aquellos que permiten identificarle personalmente. Si desea informaci\u00f3n detallada sobre el tema de la protecci\u00f3n de datos, consulte nuestra declaraci\u00f3n de protecci\u00f3n de datos que figura debajo de este texto.<\/p>\n<h3>Recogida de datos en este sitio web<\/h3>\n<p><strong>\u00bfQui\u00e9n es responsable de la recogida de datos en este sitio web?<\/strong>  El tratamiento de datos en este sitio web corre a cargo del operador del mismo. Encontrar\u00e1 sus datos de contacto en el pie de imprenta de este sitio web.  <strong>\u00bfC\u00f3mo recogemos sus datos?<\/strong>  Por una parte, sus datos se recogen cuando usted nos los facilita. Puede tratarse, por ejemplo, de los datos que introduzca en un formulario de contacto. Nuestros sistemas inform\u00e1ticos recogen otros datos autom\u00e1ticamente o con su consentimiento cuando usted visita el sitio web. Se trata principalmente de datos t\u00e9cnicos (por ejemplo, navegador de Internet, sistema operativo o tiempo de visualizaci\u00f3n de la p\u00e1gina). Estos datos se recogen autom\u00e1ticamente en cuanto usted entra en este sitio web.  <strong>\u00bfPara qu\u00e9 utilizamos sus datos?<\/strong>  Parte de los datos se recogen para garantizar un funcionamiento sin errores del sitio web. Otros datos pueden utilizarse para analizar su comportamiento como usuario.  <strong>\u00bfQu\u00e9 derechos tiene en relaci\u00f3n con sus datos?<\/strong>  Tiene derecho a recibir en cualquier momento informaci\u00f3n gratuita sobre el origen, el destinatario y la finalidad de sus datos personales almacenados. Tambi\u00e9n tiene derecho a solicitar la rectificaci\u00f3n o supresi\u00f3n de estos datos. Si ha dado su consentimiento al tratamiento de datos, puede revocarlo en cualquier momento para el futuro. Tambi\u00e9n tiene derecho a solicitar la limitaci\u00f3n del tratamiento de sus datos personales en determinadas circunstancias. Adem\u00e1s, tiene derecho a presentar una reclamaci\u00f3n ante la autoridad de control competente. Puede ponerse en contacto con nosotros en cualquier momento en la direcci\u00f3n indicada en el pie de imprenta en relaci\u00f3n con esta y otras cuestiones sobre el tema de la protecci\u00f3n de datos.<\/p>\n<h2>2. alojamiento y redes de distribuci\u00f3n de contenidos (CDN)<\/h2>\n<h3>Alojamiento externo<\/h3>\n<p>Este sitio web est\u00e1 alojado por un proveedor de servicios externo (hoster). Los datos personales recogidos en este sitio web se almacenan en los servidores del hoster. Esto puede incluir, entre otros, direcciones IP, solicitudes de contacto, metadatos y datos de comunicaci\u00f3n, datos contractuales, datos de contacto, nombres, tr\u00e1fico del sitio web y otros datos generados a trav\u00e9s de un sitio web. El hoster se utiliza para el cumplimiento del contrato con nuestros clientes potenciales y existentes (Art. 6 p\u00e1rrafo 1 lit. b DSGVO) y en inter\u00e9s de una provisi\u00f3n segura, r\u00e1pida y eficiente de nuestra oferta en l\u00ednea por un proveedor profesional (Art. 6 p\u00e1rrafo 1 lit. f DSGVO). Nuestro hoster s\u00f3lo procesar\u00e1 sus datos en la medida en que sea necesario para el cumplimiento de sus obligaciones de servicio y seguir\u00e1 nuestras instrucciones con respecto a estos datos.<\/p>\n<h2>3 Notas generales e informaci\u00f3n obligatoria<\/h2>\n<h3>Protecci\u00f3n de datos<\/h3>\n<p>Los operadores de estas p\u00e1ginas se toman muy en serio la protecci\u00f3n de sus datos personales. Tratamos sus datos personales de forma confidencial y de acuerdo con la normativa legal de protecci\u00f3n de datos y esta declaraci\u00f3n de protecci\u00f3n de datos. Cuando usted utiliza este sitio web, se recogen diversos datos personales. Los datos personales son aquellos con los que se le puede identificar personalmente. Esta pol\u00edtica de privacidad explica qu\u00e9 datos recogemos y para qu\u00e9 los utilizamos. Tambi\u00e9n explica c\u00f3mo y para qu\u00e9 se hace. Nos gustar\u00eda se\u00f1alar que la transmisi\u00f3n de datos en Internet (por ejemplo, la comunicaci\u00f3n por correo electr\u00f3nico) puede presentar lagunas de seguridad. No es posible proteger completamente los datos contra el acceso de terceros.<\/p>\n<h3>Nota sobre el organismo responsable<\/h3>\n<p>El responsable del tratamiento de datos de este sitio web es:<\/p>\n<p>Nele Str\u00f6bel<br \/><span class=\"elementor-icon-list-text\">Holsteinische Stra\u00dfe 18<br \/>12161 Berl\u00edn<\/span><br \/>Tel\u00e9fono: 0049-172-8535846<br \/>Correo electr\u00f3nico: nele@nele-stroebel.de<\/p>\n<p>El responsable del tratamiento es la persona f\u00edsica o jur\u00eddica que, sola o conjuntamente con otras, determina los fines y medios del tratamiento de datos personales (por ejemplo, nombres, direcciones de correo electr\u00f3nico, etc.).<\/p>\n<h3>Revocaci\u00f3n de su consentimiento para el tratamiento de datos<\/h3>\n<p>Muchas operaciones de tratamiento de datos s\u00f3lo son posibles con su consentimiento expl\u00edcito. Puede revocar el consentimiento que ya ha dado en cualquier momento. S\u00f3lo tiene que enviarnos un mensaje informal por correo electr\u00f3nico. La legalidad del tratamiento de datos efectuado hasta la revocaci\u00f3n no se ver\u00e1 afectada por \u00e9sta.<\/p>\n<h3>Derecho a oponerse a la recogida de datos en casos espec\u00edficos y a la mercadotecnia directa (Art. 21 GDPR)<\/h3>\n<p>SI EL TRATAMIENTO DE DATOS SE BASA EN EL ART. 6 ABS. 1 LIT. E O F DSGVO, TIENE DERECHO A OPONERSE EN CUALQUIER MOMENTO AL TRATAMIENTO DE SUS DATOS PERSONALES POR MOTIVOS DERIVADOS DE SU SITUACI\u00d3N PARTICULAR; ESTO TAMBI\u00c9N SE APLICA A LA ELABORACI\u00d3N DE PERFILES BASADA EN ESTAS DISPOSICIONES. LA BASE JUR\u00cdDICA RESPECTIVA EN LA QUE SE BASA EL TRATAMIENTO PUEDE CONSULTARSE EN ESTA DECLARACI\u00d3N DE PROTECCI\u00d3N DE DATOS. SI SE OPONE, DEJAREMOS DE TRATAR SUS DATOS PERSONALES A MENOS QUE PODAMOS DEMOSTRAR MOTIVOS LEG\u00cdTIMOS IMPERIOSOS PARA EL TRATAMIENTO QUE PREVALEZCAN SOBRE SUS INTERESES, DERECHOS Y LIBERTADES, O QUE EL TRATAMIENTO SEA PARA EL RECONOCIMIENTO, EJERCICIO O DEFENSA DE RECLAMACIONES LEGALES (OPOSICI\u00d3N EN VIRTUD DEL ART\u00cdCULO 21, APARTADO 1, DE LA DSGVO). SI SUS DATOS PERSONALES SE TRATAN CON FINES DE MERCADOTECNIA DIRECTA, USTED TIENE DERECHO A OPONERSE EN CUALQUIER MOMENTO AL TRATAMIENTO DE LOS DATOS PERSONALES QUE LE CONCIERNEN A EFECTOS DE DICHA MERCADOTECNIA; ESTO TAMBI\u00c9N SE APLICA A LA ELABORACI\u00d3N DE PERFILES EN LA MEDIDA EN QUE EST\u00c9 RELACIONADA CON DICHA MERCADOTECNIA DIRECTA. SI SE OPONE, SUS DATOS PERSONALES DEJAR\u00c1N DE UTILIZARSE POSTERIORMENTE PARA FINES DE VENTA DIRECTA (OPOSICI\u00d3N DE CONFORMIDAD CON EL ART\u00cdCULO 21, APARTADO 2, DE LA LEY ALEMANA DE PROTECCI\u00d3N DE DATOS).<\/p>\n<h3>Derecho de recurso ante la autoridad de control competente<\/h3>\n<p>En caso de infracci\u00f3n del RGPD, los interesados tendr\u00e1n derecho a recurrir ante una autoridad de control, en particular en el Estado miembro de su residencia habitual, lugar de trabajo o lugar de la presunta infracci\u00f3n. El derecho de recurso se entiende sin perjuicio de cualquier otro recurso administrativo o judicial.<\/p>\n<h3>Derecho a la portabilidad de los datos<\/h3>\n<p>Tiene derecho a que los datos que procesamos autom\u00e1ticamente sobre la base de su consentimiento o en ejecuci\u00f3n de un contrato se le entreguen a usted o a un tercero en un formato com\u00fan legible por m\u00e1quina. Si solicita la transferencia directa de los datos a otro responsable del tratamiento, s\u00f3lo se har\u00e1 en la medida en que sea t\u00e9cnicamente posible.<\/p>\n<h3>Informaci\u00f3n, supresi\u00f3n y rectificaci\u00f3n<\/h3>\n<p>En el marco de las disposiciones legales aplicables, usted tiene derecho en todo momento a recibir informaci\u00f3n gratuita sobre sus datos personales almacenados, su origen y destinatario y la finalidad del tratamiento de datos y, en su caso, derecho a la rectificaci\u00f3n o supresi\u00f3n de estos datos. Puede ponerse en contacto con nosotros en cualquier momento en la direcci\u00f3n indicada en el pie de imprenta a tal efecto y para otras cuestiones sobre el tema de los datos personales.<\/p>\n<h3>Derecho a restringir el tratamiento<\/h3>\n<p>Tiene derecho a solicitar la limitaci\u00f3n del tratamiento de sus datos personales. Para ello, puede ponerse en contacto con nosotros en cualquier momento en la direcci\u00f3n que figura en el pie de imprenta. El derecho a restringir el tratamiento existe en los siguientes casos:<\/p>\n<ul>\n<li>Si impugna la exactitud de sus datos personales que obran en nuestro poder, normalmente necesitaremos tiempo para verificarlo. Mientras dure la revisi\u00f3n, tiene derecho a solicitar la restricci\u00f3n del tratamiento de sus datos personales.<\/li>\n<li>Si el tratamiento de sus datos personales se ha producido o se est\u00e1 produciendo de forma il\u00edcita, puede solicitar la limitaci\u00f3n del tratamiento de datos en lugar de su supresi\u00f3n.<\/li>\n<li>Si ya no necesitamos sus datos personales, pero usted los necesita para ejercer, defender o hacer valer reclamaciones legales, tiene derecho a solicitar la restricci\u00f3n del tratamiento de sus datos personales en lugar de su supresi\u00f3n.<\/li>\n<li>Si desea presentar una objeci\u00f3n de conformidad con el art. 21 p\u00e1rr. 1 DSGVO, hay que encontrar un equilibrio entre sus intereses y los nuestros. Mientras no se haya determinado qu\u00e9 intereses prevalecen, usted tiene derecho a exigir la restricci\u00f3n del tratamiento de sus datos personales.<\/li>\n<\/ul>\n<p>Si ha restringido el tratamiento de sus datos personales, dichos datos, adem\u00e1s de almacenarse, s\u00f3lo podr\u00e1n tratarse con su consentimiento o para el reconocimiento, ejercicio o defensa de un derecho en un procedimiento judicial o para la protecci\u00f3n de los derechos de otra persona f\u00edsica o jur\u00eddica o por razones de inter\u00e9s p\u00fablico importantes de la Uni\u00f3n Europea o de un Estado miembro.<\/p>\n<h3>Objeci\u00f3n a los correos electr\u00f3nicos publicitarios<\/h3>\n<p>Queda prohibido el uso de los datos de contacto publicados en el marco de la obligaci\u00f3n del pie de imprenta para el env\u00edo de publicidad y material informativo no solicitado expresamente. Los operadores de las p\u00e1ginas se reservan expresamente el derecho a emprender acciones legales en caso de env\u00edo no solicitado de informaci\u00f3n publicitaria, por ejemplo mediante correos electr\u00f3nicos basura.<\/p>\n<h2>4. recogida de datos en este sitio web<\/h2>\n<h3>Cookies<\/h3>\n<p>Nuestras p\u00e1ginas de Internet utilizan las denominadas \u00abcookies\u00bb. Las cookies son peque\u00f1os archivos de texto y no causan ning\u00fan da\u00f1o a su dispositivo terminal. Se almacenan temporalmente durante una sesi\u00f3n (cookies de sesi\u00f3n) o permanentemente (cookies permanentes) en su dispositivo terminal. Las cookies de sesi\u00f3n se eliminan autom\u00e1ticamente al final de su visita. Las cookies permanentes permanecen almacenadas en su dispositivo terminal hasta que usted mismo las borra o hasta que su navegador web las borra autom\u00e1ticamente. En algunos casos, las cookies de terceras empresas tambi\u00e9n pueden almacenarse en su dispositivo terminal cuando entra en nuestro sitio (cookies de terceros). Nos permiten a nosotros o a usted utilizar determinados servicios de la empresa tercera (por ejemplo, cookies para procesar servicios de pago). Las cookies tienen varias funciones. Muchas cookies son t\u00e9cnicamente necesarias, ya que determinadas funciones del sitio web no funcionar\u00edan sin ellas (por ejemplo, la funci\u00f3n de cesta de la compra o la visualizaci\u00f3n de v\u00eddeos). Otras cookies se utilizan para evaluar el comportamiento de los usuarios o mostrar publicidad. Las cookies que son necesarias para llevar a cabo el proceso de comunicaci\u00f3n electr\u00f3nica (cookies necesarias) o para proporcionar ciertas funciones que usted ha solicitado (cookies funcionales, por ejemplo, para la funci\u00f3n de cesta de la compra) o para optimizar el sitio web (por ejemplo, cookies para medir la audiencia web) se almacenan sobre la base del Art. 6 P\u00e1rr. 1 lit. f DSGVO, a menos que se especifique otra base jur\u00eddica. El operador del sitio web tiene un inter\u00e9s leg\u00edtimo en almacenar cookies para la prestaci\u00f3n t\u00e9cnicamente sin errores y optimizada de sus servicios. Si se ha solicitado el consentimiento para el almacenamiento de cookies, el almacenamiento de las cookies en cuesti\u00f3n se basa exclusivamente en este consentimiento (art. 6 p\u00e1rr. 1 lit. a DSGVO); el consentimiento puede revocarse en cualquier momento. Puede configurar su navegador para que le informe sobre la instalaci\u00f3n de cookies y permitirlas s\u00f3lo en casos individuales, excluir la aceptaci\u00f3n de cookies para determinados casos o en general y activar la eliminaci\u00f3n autom\u00e1tica de cookies al cerrar el navegador. Si se desactivan las cookies, la funcionalidad de este sitio web puede verse limitada. Si las cookies son utilizadas por terceras empresas o con fines de an\u00e1lisis, le informaremos de ello por separado en el marco de esta declaraci\u00f3n de protecci\u00f3n de datos y, en caso necesario, solicitaremos su consentimiento.<\/p>\n<h3>Archivos de registro del servidor<\/h3>\n<p>El proveedor de las p\u00e1ginas recoge y almacena autom\u00e1ticamente informaci\u00f3n en los denominados archivos de registro del servidor, que su navegador nos transmite autom\u00e1ticamente. Estos son:<\/p>\n<ul>\n<li>Tipo y versi\u00f3n de navegador<\/li>\n<li>Sistema operativo utilizado<\/li>\n<li>URL de referencia<\/li>\n<li>Nombre de host del ordenador de acceso<\/li>\n<li>Hora de la solicitud al servidor<\/li>\n<li>Direcci\u00f3n IP<\/li>\n<\/ul>\n<p>Estos datos no se fusionan con otras fuentes de datos. La recogida de estos datos se basa en el Art. 6 para. 1 lit. f GDPR. El operador del sitio web tiene un inter\u00e9s leg\u00edtimo en la presentaci\u00f3n t\u00e9cnicamente libre de errores y la optimizaci\u00f3n de su sitio web &#8211; con este fin, los archivos de registro del servidor deben ser registrados.<\/p>\n<h3>Solicitud por correo electr\u00f3nico, tel\u00e9fono o fax<\/h3>\n<p>Si se pone en contacto con nosotros por correo electr\u00f3nico, tel\u00e9fono o fax, su consulta, incluidos todos los datos personales resultantes (nombre, consulta), ser\u00e1 almacenada y procesada por nosotros con el fin de tramitar su solicitud. No transmitimos estos datos sin su consentimiento. El tratamiento de estos datos se basa en el Art. 6 para. 1 lit. b DSGVO, en la medida en que su solicitud est\u00e9 relacionada con la ejecuci\u00f3n de un contrato o sea necesaria para la aplicaci\u00f3n de medidas precontractuales. En todos los dem\u00e1s casos, el tratamiento se basa en nuestro inter\u00e9s leg\u00edtimo en la tramitaci\u00f3n eficaz de las consultas que se nos dirigen (art. 6, apdo. 1 lit. f DSGVO) o en su consentimiento (art. 6, apdo. 1 lit. a DSGVO) si as\u00ed se ha solicitado. Los datos que nos env\u00ede a trav\u00e9s de las solicitudes de contacto permanecer\u00e1n con nosotros hasta que nos solicite que los eliminemos, revoque su consentimiento para almacenarlos o deje de aplicarse el prop\u00f3sito para el que se almacenaron (por ejemplo, despu\u00e9s de que hayamos finalizado la tramitaci\u00f3n de su solicitud). Las disposiciones legales obligatorias, en particular los plazos legales de conservaci\u00f3n, no se ven afectadas.<\/p>\n<h2>5. plugins y herramientas<\/h2>\n<h3>YouTube con mayor protecci\u00f3n de datos<\/h3>\n<p>Este sitio web incrusta v\u00eddeos de YouTube. El operador de las p\u00e1ginas es Google Ireland Limited (\u00abGoogle\u00bb), Gordon House, Barrow Street, Dubl\u00edn 4, Irlanda. Utilizamos YouTube en modo de protecci\u00f3n de datos ampliada. Seg\u00fan YouTube, este modo significa que YouTube no almacena ninguna informaci\u00f3n sobre los visitantes de este sitio web antes de que vean el v\u00eddeo. Sin embargo, la divulgaci\u00f3n de datos a socios de YouTube no est\u00e1 necesariamente excluida por el modo ampliado de protecci\u00f3n de datos. De este modo, YouTube -independientemente de que veas un v\u00eddeo- establece una conexi\u00f3n con la red de Google DoubleClick. En cuanto se inicia un v\u00eddeo de YouTube en este sitio web, se establece una conexi\u00f3n con los servidores de YouTube. Indica al servidor de YouTube cu\u00e1les de nuestras p\u00e1ginas ha visitado. Si ha iniciado sesi\u00f3n en su cuenta de YouTube, permite que YouTube asocie su comportamiento de navegaci\u00f3n directamente con su perfil personal. Puedes evitarlo cerrando la sesi\u00f3n de tu cuenta de YouTube. Adem\u00e1s, YouTube puede guardar varias cookies en tu dispositivo final despu\u00e9s de iniciar un v\u00eddeo. Estas cookies permiten a YouTube obtener informaci\u00f3n sobre los visitantes de este sitio web. Esta informaci\u00f3n se utiliza, entre otras cosas, para recopilar estad\u00edsticas de v\u00eddeo, mejorar la experiencia del usuario y evitar intentos de fraude. Las cookies permanecen en su dispositivo terminal hasta que usted las borra. En caso necesario, pueden desencadenarse otras operaciones de tratamiento de datos tras el inicio de un v\u00eddeo de YouTube, sobre las que no tenemos ninguna influencia. YouTube se utiliza en inter\u00e9s de una presentaci\u00f3n atractiva de nuestras ofertas en l\u00ednea. Esto constituye un inter\u00e9s leg\u00edtimo en el sentido del Art. 6 para. 1 lit. f GDPR. Si se ha solicitado el correspondiente consentimiento, el tratamiento se lleva a cabo exclusivamente sobre la base del Art. 6 P\u00e1rr. 1 lit. una DSGVO; el consentimiento puede revocarse en cualquier momento. Para m\u00e1s informaci\u00f3n sobre la privacidad en YouTube, consulte su pol\u00edtica de privacidad en: <a href=\"https:\/\/policies.google.com\/privacy?hl=de\" target=\"_blank\" rel=\"noopener noreferrer\">https:\/\/policies.google.com\/privacy?hl=de.<\/a><\/p>\n<h3>Vimeo<\/h3>\n<p>Este sitio web utiliza plugins del portal de v\u00eddeos Vimeo. El proveedor es Vimeo Inc, 555 West 18th Street, New York, New York 10011, USA. Cuando usted visita una de nuestras p\u00e1ginas equipada con un plugin de Vimeo, se establece una conexi\u00f3n con los servidores de Vimeo. En el proceso, el servidor de Vimeo es informado de cu\u00e1l de nuestras p\u00e1ginas ha visitado. Adem\u00e1s, Vimeo obtiene su direcci\u00f3n IP. Esto tambi\u00e9n se aplica si no ha iniciado sesi\u00f3n en Vimeo o no tiene una cuenta en Vimeo. La informaci\u00f3n recopilada por Vimeo se transmite al servidor de Vimeo en Estados Unidos. Si ha iniciado sesi\u00f3n en su cuenta de Vimeo, permite que Vimeo asigne su comportamiento de navegaci\u00f3n directamente a su perfil personal. Puede evitarlo cerrando la sesi\u00f3n de su cuenta de Vimeo. El uso de Vimeo es en inter\u00e9s de una presentaci\u00f3n atractiva de nuestras ofertas en l\u00ednea. Esto representa un inter\u00e9s leg\u00edtimo en el sentido del Art. 6 P\u00e1rr. 1 lit. f DSGVO. En la medida en que se haya solicitado el correspondiente consentimiento, el tratamiento se realiza exclusivamente sobre la base del art. 6 p\u00e1rr. 1 lit. a DSGVO; el consentimiento puede revocarse en cualquier momento. Encontrar\u00e1 m\u00e1s informaci\u00f3n sobre el tratamiento de los datos de los usuarios en la pol\u00edtica de privacidad de Vimeo en:  <a href=\"https:\/\/vimeo.com\/privacy\" target=\"_blank\" rel=\"noopener noreferrer\">https:\/\/vimeo.com\/privacy.<\/a><\/p>\n<h3>Fuentes web de Google<\/h3>\n<p>Este sitio utiliza las denominadas fuentes web proporcionadas por Google para la visualizaci\u00f3n uniforme de las fuentes. Las Google Fonts se instalan localmente. No se produce una conexi\u00f3n con los servidores de Google. Encontrar\u00e1 m\u00e1s informaci\u00f3n sobre Google Web Fonts en <a href=\"https:\/\/developers.google.com\/fonts\/faq\" target=\"_blank\" rel=\"noopener noreferrer\">https:\/\/developers.google.com\/fonts\/faq<\/a> y en la pol\u00edtica de privacidad de Google: <a href=\"https:\/\/policies.google.com\/privacy?hl=de\" target=\"_blank\" rel=\"noopener noreferrer\">https:\/\/policies.google.com\/privacy?hl=de.<\/a><\/p>\n\t\t\t\t\t\t\t\t<\/div>\n\t\t\t\t<\/div>\n\t\t\t\t\t<\/div>\n\t\t<\/div>\n\t\t\t\t\t<\/div>\n\t\t<\/section>\n\t\t\t\t<\/div>\n\t\t","protected":false},"excerpt":{"rendered":"<p>Pol\u00edtica de privacidad 1. la protecci\u00f3n de datos de un vistazo Notas generales Los siguientes avisos ofrecen una visi\u00f3n sencilla de lo que ocurre con sus datos personales cuando visita este sitio web. Los datos personales son aquellos que permiten identificarle personalmente. Si desea informaci\u00f3n detallada sobre el tema de la protecci\u00f3n de datos, consulte [&hellip;]<\/p>\n","protected":false},"author":1,"featured_media":0,"parent":0,"menu_order":0,"comment_status":"closed","ping_status":"closed","template":"elementor_header_footer","meta":{"ngg_post_thumbnail":0,"footnotes":""},"class_list":["post-16007","page","type-page","status-publish","hentry"],"_links":{"self":[{"href":"https:\/\/nele-stroebel.de\/es\/wp-json\/wp\/v2\/pages\/16007","targetHints":{"allow":["GET"]}}],"collection":[{"href":"https:\/\/nele-stroebel.de\/es\/wp-json\/wp\/v2\/pages"}],"about":[{"href":"https:\/\/nele-stroebel.de\/es\/wp-json\/wp\/v2\/types\/page"}],"author":[{"embeddable":true,"href":"https:\/\/nele-stroebel.de\/es\/wp-json\/wp\/v2\/users\/1"}],"replies":[{"embeddable":true,"href":"https:\/\/nele-stroebel.de\/es\/wp-json\/wp\/v2\/comments?post=16007"}],"version-history":[{"count":1,"href":"https:\/\/nele-stroebel.de\/es\/wp-json\/wp\/v2\/pages\/16007\/revisions"}],"predecessor-version":[{"id":16008,"href":"https:\/\/nele-stroebel.de\/es\/wp-json\/wp\/v2\/pages\/16007\/revisions\/16008"}],"wp:attachment":[{"href":"https:\/\/nele-stroebel.de\/es\/wp-json\/wp\/v2\/media?parent=16007"}],"curies":[{"name":"wp","href":"https:\/\/api.w.org\/{rel}","templated":true}]}}