{"id":15986,"date":"2021-02-02T14:55:09","date_gmt":"2021-02-02T13:55:09","guid":{"rendered":"https:\/\/nele-stroebel.de\/vita\/"},"modified":"2023-08-09T23:29:31","modified_gmt":"2023-08-09T21:29:31","slug":"vita","status":"publish","type":"page","link":"https:\/\/nele-stroebel.de\/es\/vita\/","title":{"rendered":"Vita"},"content":{"rendered":"\t\t<div data-elementor-type=\"wp-page\" data-elementor-id=\"15986\" class=\"elementor elementor-15986 elementor-9190\">\n\t\t\t\t\t\t<section class=\"elementor-section elementor-top-section elementor-element elementor-element-f2284e2 elementor-section-boxed elementor-section-height-default elementor-section-height-default\" data-id=\"f2284e2\" data-element_type=\"section\" data-e-type=\"section\">\n\t\t\t\t\t\t<div class=\"elementor-container elementor-column-gap-default\">\n\t\t\t\t\t<div class=\"elementor-column elementor-col-100 elementor-top-column elementor-element elementor-element-4a8d126\" data-id=\"4a8d126\" data-element_type=\"column\" data-e-type=\"column\">\n\t\t\t<div class=\"elementor-widget-wrap elementor-element-populated\">\n\t\t\t\t\t\t<div class=\"elementor-element elementor-element-3c2cb43 elementor-tabs-view-horizontal elementor-widget elementor-widget-tabs\" data-id=\"3c2cb43\" data-element_type=\"widget\" data-e-type=\"widget\" data-widget_type=\"tabs.default\">\n\t\t\t\t<div class=\"elementor-widget-container\">\n\t\t\t\t\t\t\t<div class=\"elementor-tabs\">\n\t\t\t<div class=\"elementor-tabs-wrapper\" role=\"tablist\" >\n\t\t\t\t\t\t\t\t\t<div id=\"elementor-tab-title-6301\" class=\"elementor-tab-title elementor-tab-desktop-title\" aria-selected=\"true\" data-tab=\"1\" role=\"tab\" tabindex=\"0\" aria-controls=\"elementor-tab-content-6301\" aria-expanded=\"false\">Premios y becas<\/div>\n\t\t\t\t\t\t\t\t\t<div id=\"elementor-tab-title-6302\" class=\"elementor-tab-title elementor-tab-desktop-title\" aria-selected=\"false\" data-tab=\"2\" role=\"tab\" tabindex=\"-1\" aria-controls=\"elementor-tab-content-6302\" aria-expanded=\"false\">Compras en colecciones p\u00fablicas<\/div>\n\t\t\t\t\t\t\t\t\t<div id=\"elementor-tab-title-6303\" class=\"elementor-tab-title elementor-tab-desktop-title\" aria-selected=\"false\" data-tab=\"3\" role=\"tab\" tabindex=\"-1\" aria-controls=\"elementor-tab-content-6303\" aria-expanded=\"false\">Trabajar en el espacio p\u00fablico<\/div>\n\t\t\t\t\t\t\t<\/div>\n\t\t\t<div class=\"elementor-tabs-content-wrapper\" role=\"tablist\" aria-orientation=\"vertical\">\n\t\t\t\t\t\t\t\t\t<div class=\"elementor-tab-title elementor-tab-mobile-title\" aria-selected=\"true\" data-tab=\"1\" role=\"tab\" tabindex=\"0\" aria-controls=\"elementor-tab-content-6301\" aria-expanded=\"false\">Premios y becas<\/div>\n\t\t\t\t\t<div id=\"elementor-tab-content-6301\" class=\"elementor-tab-content elementor-clearfix\" data-tab=\"1\" role=\"tabpanel\" aria-labelledby=\"elementor-tab-title-6301\" tabindex=\"0\" hidden=\"false\"><table style=\"height: 329px;\" border=\"0\" width=\"751\" cellspacing=\"0\" align=\"center\">\n<tbody>\n<tr>\n<td width=\"11%\">2022\n<\/td>\n<td width=\"89%\">\nFondo de Becas de Arte y Asociaci\u00f3n de Artistas Neustart Kultur<\/td>\n<\/tr>\n<tr>\n<td width=\"11%\">\n2020\n<\/td>\n<td width=\"89%\">\nBeca Espacio P\u00fablico de la StMWK b\u00e1vara de M\u00fanich\n<\/td>\n<\/tr>\n<tr>\n<td width=\"11%\">\n2002<\/td>\n<td width=\"89%\">\nPremio Karl Buchrucker de Artes Pl\u00e1sticas<\/td>\n<\/tr>\n<tr>\n<td>2001<\/td>\n<td>2\u00ba premio dise\u00f1o capilla RKK Munich<\/td>\n<\/tr>\n<tr>\n<td>1995<\/td>\n<td>Premio de dise\u00f1o NRW<\/td>\n<\/tr>\n<tr>\n<td>1994<\/td>\n<td>Beca de trabajo Landesateliers Salzburg<\/td>\n<\/tr>\n<tr>\n<td>1992<\/td>\n<td>Beca de lanzamiento\/ Austria<\/td>\n<\/tr>\n<tr>\n<td>1992<\/td>\n<td>Casa del empleado ferroviario de Esslingen<\/td>\n<\/tr>\n<tr>\n<td>1991<\/td>\n<td>Beca Bl\u00fcmling\/ Austria<\/td>\n<\/tr>\n<tr>\n<td>1988<\/td>\n<td>Debutantes, Ministerio de Arte y Ciencia de Baviera<\/td>\n<\/tr>\n<tr>\n<td>\n<pre>1976-81<\/pre>\n<\/td>\n<td>Beca para superdotados del Ministerio de Arte de Viena<\/td>\n<\/tr>\n<\/tbody>\n<\/table>\n<\/div>\n\t\t\t\t\t\t\t\t\t<div class=\"elementor-tab-title elementor-tab-mobile-title\" aria-selected=\"false\" data-tab=\"2\" role=\"tab\" tabindex=\"-1\" aria-controls=\"elementor-tab-content-6302\" aria-expanded=\"false\">Compras en colecciones p\u00fablicas<\/div>\n\t\t\t\t\t<div id=\"elementor-tab-content-6302\" class=\"elementor-tab-content elementor-clearfix\" data-tab=\"2\" role=\"tabpanel\" aria-labelledby=\"elementor-tab-title-6302\" tabindex=\"0\" hidden=\"hidden\"><p>Ciudad de Colonia para la Biblioteca de Arte y Museo: el Diario Corona. Augsburgo, Museo Jud\u00edo. Ulm, Museo de Arte Moderno<br \/>Salzburgo, Rupertinum<br \/>Werfen\/ Austria, Colecci\u00f3n Werfen<br \/>M\u00fanich, Artothek<br \/>Bamberg, Colecci\u00f3n Kunstverein<br \/>Viena, Colecci\u00f3n de Arte EPO<br \/>Colecci\u00f3n Munich E.O.N<br \/>M\u00fanich, Nueva Colecci\u00f3n \/ Pinakothek der Moderne<br \/>Museo Diocesano de Ratisbona<\/p>\n<\/div>\n\t\t\t\t\t\t\t\t\t<div class=\"elementor-tab-title elementor-tab-mobile-title\" aria-selected=\"false\" data-tab=\"3\" role=\"tab\" tabindex=\"-1\" aria-controls=\"elementor-tab-content-6303\" aria-expanded=\"false\">Trabajar en el espacio p\u00fablico<\/div>\n\t\t\t\t\t<div id=\"elementor-tab-content-6303\" class=\"elementor-tab-content elementor-clearfix\" data-tab=\"3\" role=\"tabpanel\" aria-labelledby=\"elementor-tab-title-6303\" tabindex=\"0\" hidden=\"hidden\"><table border=\"0\" width=\"740\" cellspacing=\"0\" align=\"center\">\n<tbody>\n<tr>\n<td>2020<\/td>\n<td>\u00abVerdichtungen_ein Stadtgespr\u00e4ch\u00bb, proyecto de arte en el espacio p\u00fablico en la<br \/>\nSchlacht- und Viehofgel\u00e4nde, M\u00fanich, www. http:\/\/resilienz80337-nelestroebel.de\/<\/td>\n<\/tr>\n<tr>\n<td>2016<\/td>\n<td><span class=\"blau\"><span class=\"Stil1\">\u00abwolke_7 im Rosengarten\u00bb, Parque Treptoer, Berl\u00edn<\/span><\/span><\/td>\n<\/tr>\n<tr>\n<td>2011<\/td>\n<td><span class=\"blau\"><a href=\"http:\/\/nele-stroebel.de\/kunst-koffer-gasteig\/im%20oeffentlichen%20raum%20bleibt%20kunst-koffer-gasteig.htm\" target=\"_self\">Dibujo(s) de la ciudad y estuche retroiluminado<\/a>, <span class=\"Stil1\">Gasteig, Basti\u00f3n, M\u00fanich<\/span><\/span><\/td>\n<\/tr>\n<tr>\n<td>2005<\/td>\n<td><span class=\"blau\"><a href=\"http:\/\/nele-stroebel.de\/hanggart\/hanggart.htm\" target=\"_self\">Jardines colgantes de Siebold, 3 espacios a\u00e9reos: viburnum, nudo sinusal, trifolium<\/a><\/span>, Hospital Universitario, W\u00fcrzburg<\/td>\n<\/tr>\n<tr>\n<td width=\"11%\">2004<\/td>\n<td width=\"89%\">cementerio <span class=\"blau\"><a href=\"http:\/\/nele-stroebel.de\/flotste.htm\" target=\"_self\">flottierende stel(l)e<\/a>,<\/span> Neubiberg<\/td>\n<\/tr>\n<tr>\n<td>2003<\/td>\n<td><span class=\"blau\"><br \/>\n  <a href=\"http:\/\/nele-stroebel.de\/flotki.htm\" target=\"_self\">ola flotante, coj\u00edn rem<\/a><br \/>\n<\/span> EPO Parque Belvedere, Viena<\/td>\n<\/tr>\n<tr>\n<td>2002<\/td>\n<td><span class=\"blau\"><a href=\"http:\/\/nele-stroebel.de\/flotste.htm\" target=\"_self\">stel(l)e flotante<\/a>,<\/span> balc\u00f3n EPO-Munich<\/td>\n<\/tr>\n<tr>\n<td>2001<\/td>\n<td><span class=\"blau\"><a href=\"http:\/\/nele-stroebel.de\/gstern.htm\" target=\"_self\">buena estrella<\/a>,<\/span> comisar\u00eda, Wolfratshausen<\/td>\n<\/tr>\n<tr>\n<td>2000<\/td>\n<td><span class=\"blau\"><br \/>\n  <a href=\"http:\/\/nele-stroebel.de\/rem.htm\" target=\"_self\">Terracotas REM<\/a><br \/>\n<\/span> en el jard\u00edn de meditaci\u00f3n del cementerio de Neubiberg<\/td>\n<\/tr>\n<tr>\n<td>1999<\/td>\n<td><span class=\"blau\"><a href=\"http:\/\/nele-stroebel.de\/wunderb.htm\" target=\"_self\">Wunderbaum<\/a>,<\/span> camino de esculturas, Obing am See (cat\u00e1logo)<\/td>\n<\/tr>\n<tr>\n<td>1998\/99<\/td>\n<td><span class=\"blau\"><a href=\"http:\/\/nele-stroebel.de\/vogelbbk.htm\" target=\"_self\">vogelwolke<\/a>,<\/span> Tribunal Fiscal, M\u00fanich (V\u00eddeo)<\/td>\n<\/tr>\n<tr>\n<td>1998\/00<\/td>\n<td><span class=\"blau\"><br \/>\n  <a href=\"http:\/\/nele-stroebel.de\/sonhof.htm\" target=\"_self\">Sonnenhof<\/a><br \/>\n<\/span>Jard\u00edn de infancia municipal, M\u00fanich (V\u00eddeo)<\/td>\n<\/tr>\n<tr>\n<td>1997\/98<\/td>\n<td><span class=\"blau\"><br \/>\n  <a href=\"http:\/\/nele-stroebel.de\/landshut.htm\" target=\"_self\">Arco de Landshut<\/a><br \/>\n<\/span>Hospital de Landshut<\/td>\n<\/tr>\n<tr>\n<td>1996\/97<\/td>\n<td><span class=\"blau\"><a href=\"http:\/\/nele-stroebel.de\/kbfoto2.htm\" target=\"_self\">Kreuzblume<\/a>,<\/span> Hospital de la Cruz Roja, M\u00fanich<\/td>\n<\/tr>\n<tr>\n<td>1993\/94<\/td>\n<td><span class=\"blau\"><a href=\"http:\/\/nele-stroebel.de\/trombe.htm\" target=\"_self\">Trombe<\/a>,<\/span> Ruhrallee, Essen<\/td>\n<\/tr>\n<\/tbody>\n<\/table>\n<\/div>\n\t\t\t\t\t\t\t<\/div>\n\t\t<\/div>\n\t\t\t\t\t\t<\/div>\n\t\t\t\t<\/div>\n\t\t\t\t<section class=\"elementor-section elementor-inner-section elementor-element elementor-element-79ca789 elementor-section-boxed elementor-section-height-default elementor-section-height-default\" data-id=\"79ca789\" data-element_type=\"section\" data-e-type=\"section\">\n\t\t\t\t\t\t<div class=\"elementor-container elementor-column-gap-default\">\n\t\t\t\t\t<div class=\"elementor-column elementor-col-50 elementor-inner-column elementor-element elementor-element-a13952f\" data-id=\"a13952f\" data-element_type=\"column\" data-e-type=\"column\">\n\t\t\t<div class=\"elementor-widget-wrap elementor-element-populated\">\n\t\t\t\t\t\t<div class=\"elementor-element elementor-element-157c60c elementor-widget elementor-widget-button\" data-id=\"157c60c\" data-element_type=\"widget\" data-e-type=\"widget\" data-widget_type=\"button.default\">\n\t\t\t\t<div class=\"elementor-widget-container\">\n\t\t\t\t\t\t\t\t\t<div class=\"elementor-button-wrapper\">\n\t\t\t\t\t<a class=\"elementor-button elementor-button-link elementor-size-sm\" href=\"http:\/\/nele-stroebel.de\/wp-content\/uploads\/2022\/11\/WEBSITE-ABOUT-vita-BRIEF-HOLSTEINISCHE-1.pdf\" target=\"_blank\">\n\t\t\t\t\t\t<span class=\"elementor-button-content-wrapper\">\n\t\t\t\t\t\t<span class=\"elementor-button-icon\">\n\t\t\t\t<i aria-hidden=\"true\" class=\"far fa-file-pdf\"><\/i>\t\t\t<\/span>\n\t\t\t\t\t\t\t\t\t<span class=\"elementor-button-text\">Vita desde 2002 en pdf<\/span>\n\t\t\t\t\t<\/span>\n\t\t\t\t\t<\/a>\n\t\t\t\t<\/div>\n\t\t\t\t\t\t\t\t<\/div>\n\t\t\t\t<\/div>\n\t\t\t\t<div class=\"elementor-element elementor-element-79911e9 elementor-tabs-view-horizontal elementor-widget elementor-widget-tabs\" data-id=\"79911e9\" data-element_type=\"widget\" data-e-type=\"widget\" data-widget_type=\"tabs.default\">\n\t\t\t\t<div class=\"elementor-widget-container\">\n\t\t\t\t\t\t\t<div class=\"elementor-tabs\">\n\t\t\t<div class=\"elementor-tabs-wrapper\" role=\"tablist\" >\n\t\t\t\t\t\t\t\t\t<div id=\"elementor-tab-title-1271\" class=\"elementor-tab-title elementor-tab-desktop-title\" aria-selected=\"true\" data-tab=\"1\" role=\"tab\" tabindex=\"0\" aria-controls=\"elementor-tab-content-1271\" aria-expanded=\"false\">Vita<\/div>\n\t\t\t\t\t\t\t\t\t<div id=\"elementor-tab-title-1272\" class=\"elementor-tab-title elementor-tab-desktop-title\" aria-selected=\"false\" data-tab=\"2\" role=\"tab\" tabindex=\"-1\" aria-controls=\"elementor-tab-content-1272\" aria-expanded=\"false\">Proyectos\/cooperaciones internacionales<\/div>\n\t\t\t\t\t\t\t\t\t<div id=\"elementor-tab-title-1273\" class=\"elementor-tab-title elementor-tab-desktop-title\" aria-selected=\"false\" data-tab=\"3\" role=\"tab\" tabindex=\"-1\" aria-controls=\"elementor-tab-content-1273\" aria-expanded=\"false\">Ense\u00f1anza art\u00edstica<\/div>\n\t\t\t\t\t\t\t<\/div>\n\t\t\t<div class=\"elementor-tabs-content-wrapper\" role=\"tablist\" aria-orientation=\"vertical\">\n\t\t\t\t\t\t\t\t\t<div class=\"elementor-tab-title elementor-tab-mobile-title\" aria-selected=\"true\" data-tab=\"1\" role=\"tab\" tabindex=\"0\" aria-controls=\"elementor-tab-content-1271\" aria-expanded=\"false\">Vita<\/div>\n\t\t\t\t\t<div id=\"elementor-tab-content-1271\" class=\"elementor-tab-content elementor-clearfix\" data-tab=\"1\" role=\"tabpanel\" aria-labelledby=\"elementor-tab-title-1271\" tabindex=\"0\" hidden=\"false\"><table border=\"0\" width=\"740\" cellspacing=\"0\" align=\"center\">\n<tbody>\n<tr>\n<td>1985-1987<\/td>\n<td>Desarrollo b\u00e1sico para Siemens Design Studio Munich: Transferencia de nuevas tecnolog\u00edas en forma. El redise\u00f1o de un PC se expuso en el Congreso Mundial de Dise\u00f1o de Washington y en el Museo de Arquitectura de Fr\u00e1ncfort (design now) y fue galardonado con el Design Preis Nordrhein Westfalen 95.<\/td>\n<\/tr>\n<tr>\n<td valign=\"top\">1984\/85<\/td>\n<td>A\u00f1o de Master en fotograf\u00eda y morfolog\u00eda de las bellas artes con <br \/>Prof. Oswald Oberhuber y Prof. Peter Weibel, Viena<\/td>\n<\/tr>\n<tr>\n<td>1979-84<\/td>\n<td>Estudios de escultura con la Prof. Maria Bilger y el Prof. Wander Bertoni en la Universidad de Artes Aplicadas de Viena, Diploma, Magister Artium<\/td>\n<\/tr>\n<tr>\n<td valign=\"top\" height=\"18\">1978<\/td>\n<td>Bachillerato, M\u00fanich<\/td>\n<\/tr>\n<tr>\n<td>1975\/76<\/td>\n<td>EEUU bachillerato polit\u00e9cnico<\/td>\n<\/tr>\n<tr>\n<td> <\/td>\n<td>Nacido en Stuttgart<\/td>\n<\/tr>\n<\/tbody>\n<\/table>\n<\/div>\n\t\t\t\t\t\t\t\t\t<div class=\"elementor-tab-title elementor-tab-mobile-title\" aria-selected=\"false\" data-tab=\"2\" role=\"tab\" tabindex=\"-1\" aria-controls=\"elementor-tab-content-1272\" aria-expanded=\"false\">Proyectos\/cooperaciones internacionales<\/div>\n\t\t\t\t\t<div id=\"elementor-tab-content-1272\" class=\"elementor-tab-content elementor-clearfix\" data-tab=\"2\" role=\"tabpanel\" aria-labelledby=\"elementor-tab-title-1272\" tabindex=\"0\" hidden=\"hidden\"><table border=\"0\" width=\"740\" cellspacing=\"0\" align=\"center\">\n<tbody>\n<tr>\n<td>2011\/12<\/td>\n<td>\n  <span class=\"blau\"><br \/>\n    <a href=\"http:\/\/nele-stroebel.de\/chittagong%20projekt\/chittagong%20shipwrecking%20project.htm\" target=\"_self\">\u00abdesguace de barcos en chittagong\u00bb<\/a><br \/>\n  <\/span>\n<\/td>\n<\/tr>\n<tr>\n<td>2005\/8\/9<\/td>\n<td>\n  <span class=\"blau\"><br \/>\n    <a href=\"http:\/\/nele-stroebel.de\/damaskus\/2index.htm\" target=\"_self\">\u00abIspah\u00e1n\/Damasco\/El Cairo, una trilog\u00eda de ciudades en signos\u00bb.<\/a><br \/>\n  <\/span>\n<\/td>\n<\/tr>\n<tr>\n<td width=\"11%\">2003\/4<\/td>\n<td width=\"89%\"><span class=\"blau\"><a href=\"http:\/\/nele-stroebel.de\/imbenge\/imbenge.htm\" target=\"_self\">\u00abcasa de los sue\u00f1os imbenge<\/a><\/span>Sud\u00e1frica\/ Johannesburgo<\/td>\n<\/tr>\n<tr>\n<td>2003<\/td>\n<td>\u00ab<span class=\"blau\">del rev\u00e9s\u00bb<\/span> Oscar Niemeyer, Brasilia<\/td>\n<\/tr>\n<tr>\n<td>2002<\/td>\n<td><span class=\"blau\">\u00abcodificaci\u00f3n\/decodificaci\u00f3n\u00bb<\/span>, Shanghai<\/td>\n<\/tr>\n<tr>\n<td colspan=\"2\">Estancias de trabajo en Barcelona, Brasilia, Londres, Long Beach, Madr\u00e1s, Nueva York, Niteroi, Par\u00eds, Salzburgo, Viena, Z\u00farich.<\/td>\n<\/tr>\n<\/tbody>\n<\/table>\n<\/div>\n\t\t\t\t\t\t\t\t\t<div class=\"elementor-tab-title elementor-tab-mobile-title\" aria-selected=\"false\" data-tab=\"3\" role=\"tab\" tabindex=\"-1\" aria-controls=\"elementor-tab-content-1273\" aria-expanded=\"false\">Ense\u00f1anza art\u00edstica<\/div>\n\t\t\t\t\t<div id=\"elementor-tab-content-1273\" class=\"elementor-tab-content elementor-clearfix\" data-tab=\"3\" role=\"tabpanel\" aria-labelledby=\"elementor-tab-title-1273\" tabindex=\"0\" hidden=\"hidden\"><table border=\"0\" width=\"740\" cellspacing=\"0\" align=\"center\">\n<tbody>\n<tr>\n<td>2004\/6<\/td>\n<td>C\u00e1tedra de fundamentos del dise\u00f1o en la FH de M\u00fanich<\/td>\n<\/tr>\n<tr>\n<td width=\"11%\">2000\/04<\/td>\n<td width=\"89%\">PROYECTO ESTUDIANTIL <span class=\"blau\">\u00abuna habitaci\u00f3n para uno mismo\u00bb<\/span><br \/>C\u00e1tedra Prof. Uwe Kiessler,<br \/><span class=\"blau\">\u00abOben unten, Stachus Projekt\u00bb<\/span>, C\u00e1tedra Prof. Ingrid Krau<br \/>Cooperaciones con el Instituto de Urbanismo TU-Munich <span class=\"blau\">\u00abProjekt 2010\u00bb<\/span>.<\/td>\n<\/tr>\n<tr>\n<td>2003<\/td>\n<td>Siemens Design Lab Shanghai<\/td>\n<\/tr>\n<tr>\n<td>1991-92<\/td>\n<td>Profesor visitante en el HdK de Berl\u00edn<\/td>\n<\/tr>\n<tr>\n<td>1986<\/td>\n<td>M\u00e1scara Plastic Basics, Colonia<\/td>\n<\/tr>\n<\/tbody>\n<\/table>\n<\/div>\n\t\t\t\t\t\t\t<\/div>\n\t\t<\/div>\n\t\t\t\t\t\t<\/div>\n\t\t\t\t<\/div>\n\t\t\t\t\t<\/div>\n\t\t<\/div>\n\t\t\t\t<div class=\"elementor-column elementor-col-50 elementor-inner-column elementor-element elementor-element-7336e43\" data-id=\"7336e43\" data-element_type=\"column\" data-e-type=\"column\">\n\t\t\t<div class=\"elementor-widget-wrap elementor-element-populated\">\n\t\t\t\t\t\t<div class=\"elementor-element elementor-element-ffaf38c elementor-widget elementor-widget-image\" data-id=\"ffaf38c\" data-element_type=\"widget\" data-e-type=\"widget\" data-widget_type=\"image.default\">\n\t\t\t\t<div class=\"elementor-widget-container\">\n\t\t\t\t\t\t\t\t\t\t\t\t\t\t\t<img fetchpriority=\"high\" decoding=\"async\" width=\"199\" height=\"300\" src=\"https:\/\/nele-stroebel.de\/wp-content\/uploads\/2021\/03\/portrait-klein-199x300.jpg\" class=\"attachment-medium size-medium wp-image-15769\" alt=\"\" srcset=\"https:\/\/nele-stroebel.de\/wp-content\/uploads\/2021\/03\/portrait-klein-199x300.jpg 199w, https:\/\/nele-stroebel.de\/wp-content\/uploads\/2021\/03\/portrait-klein.jpg 510w\" sizes=\"(max-width: 199px) 100vw, 199px\" \/>\t\t\t\t\t\t\t\t\t\t\t\t\t\t\t<\/div>\n\t\t\t\t<\/div>\n\t\t\t\t\t<\/div>\n\t\t<\/div>\n\t\t\t\t\t<\/div>\n\t\t<\/section>\n\t\t\t\t\t<\/div>\n\t\t<\/div>\n\t\t\t\t\t<\/div>\n\t\t<\/section>\n\t\t\t\t<\/div>\n\t\t","protected":false},"excerpt":{"rendered":"<p>Premios y becas Compras en colecciones p\u00fablicas Trabajar en el espacio p\u00fablico Premios y becas 2022 Fondo de Becas de Arte y Asociaci\u00f3n de Artistas Neustart Kultur 2020 Beca Espacio P\u00fablico de la StMWK b\u00e1vara de M\u00fanich 2002 Premio Karl Buchrucker de Artes Pl\u00e1sticas 2001 2\u00ba premio dise\u00f1o capilla RKK Munich 1995 Premio de dise\u00f1o [&hellip;]<\/p>\n","protected":false},"author":1,"featured_media":0,"parent":0,"menu_order":0,"comment_status":"closed","ping_status":"closed","template":"","meta":{"ngg_post_thumbnail":0,"footnotes":""},"class_list":["post-15986","page","type-page","status-publish","hentry"],"_links":{"self":[{"href":"https:\/\/nele-stroebel.de\/es\/wp-json\/wp\/v2\/pages\/15986","targetHints":{"allow":["GET"]}}],"collection":[{"href":"https:\/\/nele-stroebel.de\/es\/wp-json\/wp\/v2\/pages"}],"about":[{"href":"https:\/\/nele-stroebel.de\/es\/wp-json\/wp\/v2\/types\/page"}],"author":[{"embeddable":true,"href":"https:\/\/nele-stroebel.de\/es\/wp-json\/wp\/v2\/users\/1"}],"replies":[{"embeddable":true,"href":"https:\/\/nele-stroebel.de\/es\/wp-json\/wp\/v2\/comments?post=15986"}],"version-history":[{"count":2,"href":"https:\/\/nele-stroebel.de\/es\/wp-json\/wp\/v2\/pages\/15986\/revisions"}],"predecessor-version":[{"id":15988,"href":"https:\/\/nele-stroebel.de\/es\/wp-json\/wp\/v2\/pages\/15986\/revisions\/15988"}],"wp:attachment":[{"href":"https:\/\/nele-stroebel.de\/es\/wp-json\/wp\/v2\/media?parent=15986"}],"curies":[{"name":"wp","href":"https:\/\/api.w.org\/{rel}","templated":true}]}}