{"id":15981,"date":"2020-09-23T03:16:13","date_gmt":"2020-09-23T01:16:13","guid":{"rendered":"https:\/\/nele-stroebel.de\/pie-de-imprenta\/"},"modified":"2023-08-09T23:29:32","modified_gmt":"2023-08-09T21:29:32","slug":"pie-de-imprenta","status":"publish","type":"page","link":"https:\/\/nele-stroebel.de\/es\/pie-de-imprenta\/","title":{"rendered":"Pie de imprenta"},"content":{"rendered":"\t\t<div data-elementor-type=\"wp-page\" data-elementor-id=\"15981\" class=\"elementor elementor-15981 elementor-2471\">\n\t\t\t\t\t\t<section class=\"elementor-section elementor-top-section elementor-element elementor-element-198d3f2e elementor-section-boxed elementor-section-height-default elementor-section-height-default\" data-id=\"198d3f2e\" data-element_type=\"section\" data-e-type=\"section\" data-settings=\"{&quot;background_background&quot;:&quot;classic&quot;}\">\n\t\t\t\t\t\t<div class=\"elementor-container elementor-column-gap-no\">\n\t\t\t\t\t<div class=\"elementor-column elementor-col-100 elementor-top-column elementor-element elementor-element-2012072e\" data-id=\"2012072e\" data-element_type=\"column\" data-e-type=\"column\">\n\t\t\t<div class=\"elementor-widget-wrap elementor-element-populated\">\n\t\t\t\t\t\t<section class=\"elementor-section elementor-inner-section elementor-element elementor-element-3be8c65a elementor-section-boxed elementor-section-height-default elementor-section-height-default\" data-id=\"3be8c65a\" data-element_type=\"section\" data-e-type=\"section\">\n\t\t\t\t\t\t<div class=\"elementor-container elementor-column-gap-default\">\n\t\t\t\t\t<div class=\"elementor-column elementor-col-100 elementor-inner-column elementor-element elementor-element-caf514\" data-id=\"caf514\" data-element_type=\"column\" data-e-type=\"column\">\n\t\t\t<div class=\"elementor-widget-wrap elementor-element-populated\">\n\t\t\t\t\t\t<div class=\"elementor-element elementor-element-46efb0d1 elementor-invisible elementor-widget elementor-widget-text-editor\" data-id=\"46efb0d1\" data-element_type=\"widget\" data-e-type=\"widget\" data-settings=\"{&quot;_animation&quot;:&quot;fadeIn&quot;}\" data-widget_type=\"text-editor.default\">\n\t\t\t\t<div class=\"elementor-widget-container\">\n\t\t\t\t\t\t\t\t\t<h1>Pie de imprenta<\/h1>\n<h2>Informaci\u00f3n seg\u00fan \u00a7 5 TMG<\/h2>\n<p>Nele Str\u00f6bel<br \/><span class=\"elementor-icon-list-text\">Holsteinische Stra\u00dfe 18<br \/><\/span><span class=\"elementor-icon-list-text\"> 12161 Berl\u00edn<\/span><\/p>\n<h2>Derechos de autor y contacto<\/h2>\n<p>Nele Str\u00f6bel<\/p>\n<p>Correo electr\u00f3nico: nele@nele-stroebel.de<\/p>\n<h2>Derechos de imagen: VG Bild-Kunst, Bonn<\/h2>\n<h3>Responsabilidad por el contenido<\/h3>\n<p>Como proveedor de servicios, somos, de conformidad con el \u00a7 7 P\u00e1rr. 1 TMG es responsable de su propio contenido en estas p\u00e1ginas de acuerdo con las leyes generales. Sin embargo, de acuerdo con los art\u00edculos 8 a 10 de la TMG, no estamos obligados como proveedores de servicios a supervisar la informaci\u00f3n de terceros transmitida o almacenada ni a investigar circunstancias que indiquen una actividad ilegal. Esto no afecta a las obligaciones de eliminar o bloquear el uso de informaci\u00f3n de conformidad con las leyes generales. Sin embargo, la responsabilidad a este respecto s\u00f3lo es posible a partir del momento en que se tiene conocimiento de una infracci\u00f3n concreta. Si tenemos conocimiento de alguna infracci\u00f3n de este tipo, eliminaremos este contenido inmediatamente.<\/p>\n<h3>Responsabilidad de los enlaces<\/h3>\n<p>Nuestra oferta contiene enlaces a sitios web externos de terceros, sobre cuyos contenidos no tenemos ninguna influencia. Por lo tanto, no podemos asumir ninguna responsabilidad por estos contenidos externos. El respectivo proveedor u operador de las p\u00e1ginas es siempre responsable del contenido de las p\u00e1ginas enlazadas. En el momento de establecer el enlace, se comprob\u00f3 que las p\u00e1ginas enlazadas no infringieran la ley. Los contenidos ilegales no eran reconocibles en el momento del enlace. Sin embargo, un control permanente de los contenidos de las p\u00e1ginas enlazadas no es razonable sin indicios concretos de violaci\u00f3n de la ley. Si tenemos conocimiento de alguna infracci\u00f3n de la ley, eliminaremos dichos enlaces inmediatamente.<\/p>\n<h3>Copyright<\/h3>\n<p>Los contenidos y obras creados por los operadores del sitio en estas p\u00e1ginas est\u00e1n sujetos a la legislaci\u00f3n alemana sobre derechos de autor. La reproducci\u00f3n, edici\u00f3n, distribuci\u00f3n y cualquier tipo de utilizaci\u00f3n fuera de los l\u00edmites de la ley de propiedad intelectual requieren el consentimiento por escrito del autor o creador correspondiente. Las descargas y copias de esta p\u00e1gina s\u00f3lo est\u00e1n permitidas para uso privado y no comercial. En la medida en que el contenido de esta p\u00e1gina no haya sido creado por el operador, se respetan los derechos de autor de terceros. En particular, los contenidos de terceros se identifican como tales. No obstante, si tiene conocimiento de una infracci\u00f3n de los derechos de autor, le rogamos que nos lo comunique. Si tenemos conocimiento de alguna infracci\u00f3n, eliminaremos dicho contenido inmediatamente.<\/p>\n<p>NIF IVA: DE 130029427<br \/>Responsable del contenido: Nele Str\u00f6bel<br \/>Dise\u00f1o web, implementaci\u00f3n t\u00e9cnica Alexander Kietzmann<br \/>V\u00eddeos (pr\u00f3ximamente) BOA Film Art<br \/>Derechos de imagen: VG Bild-Kunst, Bonn<\/p>\n\t\t\t\t\t\t\t\t<\/div>\n\t\t\t\t<\/div>\n\t\t\t\t\t<\/div>\n\t\t<\/div>\n\t\t\t\t\t<\/div>\n\t\t<\/section>\n\t\t\t\t\t<\/div>\n\t\t<\/div>\n\t\t\t\t\t<\/div>\n\t\t<\/section>\n\t\t\t\t<\/div>\n\t\t","protected":false},"excerpt":{"rendered":"<p>Pie de imprenta Informaci\u00f3n seg\u00fan \u00a7 5 TMG Nele Str\u00f6belHolsteinische Stra\u00dfe 18 12161 Berl\u00edn Derechos de autor y contacto Nele Str\u00f6bel Correo electr\u00f3nico: nele@nele-stroebel.de Derechos de imagen: VG Bild-Kunst, Bonn Responsabilidad por el contenido Como proveedor de servicios, somos, de conformidad con el \u00a7 7 P\u00e1rr. 1 TMG es responsable de su propio contenido en [&hellip;]<\/p>\n","protected":false},"author":1,"featured_media":0,"parent":0,"menu_order":0,"comment_status":"closed","ping_status":"closed","template":"elementor_header_footer","meta":{"ngg_post_thumbnail":0,"footnotes":""},"class_list":["post-15981","page","type-page","status-publish","hentry"],"_links":{"self":[{"href":"https:\/\/nele-stroebel.de\/es\/wp-json\/wp\/v2\/pages\/15981","targetHints":{"allow":["GET"]}}],"collection":[{"href":"https:\/\/nele-stroebel.de\/es\/wp-json\/wp\/v2\/pages"}],"about":[{"href":"https:\/\/nele-stroebel.de\/es\/wp-json\/wp\/v2\/types\/page"}],"author":[{"embeddable":true,"href":"https:\/\/nele-stroebel.de\/es\/wp-json\/wp\/v2\/users\/1"}],"replies":[{"embeddable":true,"href":"https:\/\/nele-stroebel.de\/es\/wp-json\/wp\/v2\/comments?post=15981"}],"version-history":[{"count":3,"href":"https:\/\/nele-stroebel.de\/es\/wp-json\/wp\/v2\/pages\/15981\/revisions"}],"predecessor-version":[{"id":16003,"href":"https:\/\/nele-stroebel.de\/es\/wp-json\/wp\/v2\/pages\/15981\/revisions\/16003"}],"wp:attachment":[{"href":"https:\/\/nele-stroebel.de\/es\/wp-json\/wp\/v2\/media?parent=15981"}],"curies":[{"name":"wp","href":"https:\/\/api.w.org\/{rel}","templated":true}]}}