{"id":15974,"date":"2020-12-22T01:23:35","date_gmt":"2020-12-22T00:23:35","guid":{"rendered":"https:\/\/nele-stroebel.de\/funciona\/"},"modified":"2024-03-07T00:30:59","modified_gmt":"2024-03-06T23:30:59","slug":"funciona","status":"publish","type":"page","link":"https:\/\/nele-stroebel.de\/es\/funciona\/","title":{"rendered":"works"},"content":{"rendered":"<a href=\"https:\/\/nele-stroebel.de\/es\/exposicion-miedo-y-esperanza-son-vision-en-viena-3\/\"><ul class=\"nav nav-tabs elementkit-tab-nav \">\n                                    <li class=\"elementkit-nav-item elementor-repeater-item-24d0e90\">\n                        \n                                                        Texto\n                        \n                    <\/li>\n                                        <li class=\"elementkit-nav-item elementor-repeater-item-7949536\">\n                        \n                                                        Im\u00e1genes\n                        \n                    <\/li>\n                                        <li class=\"elementkit-nav-item elementor-repeater-item-4aee975\">\n                        \n                                                        cojines de libros de viejos obis japoneses\n                        \n                    <\/li>\n                                <\/ul>\n\n            \n                                    \n                        \n                            Desde mi regreso al estudio de Berl\u00edn, he creado m\u00e1s JAPAN-LEPORELLOS:\n1. \u00abpersonas\u00bb\n2. \u00abestudios y casas\u00bb\n3. \u00abLas sombras de los edificios\u00bb\n4. \u00abde dentro afuera\u00bb\n5. \u00abmomentos m\u00e1gicos\u00bb\n6. \u00abglobos\u00bb\n7. \u00abc\u00edrculos internos\nre 1: \u00abgente\u00bb es un desplegable de 17,3 p\u00e1ginas en papel verjurado en formato A4 apaisado. Longitud total: 326 cm. Est\u00e1 construido por una cara con impresi\u00f3n linotipia en blanco, estampaci\u00f3n y estarcido, dibujos a mano y acuarela de ne\u00f3n, y habla de lugares y personas que conoc\u00ed en Jap\u00f3n.  \na 2: \u00abcasas y hogares de estudio\u00bb es un desplegable de 32 p\u00e1ginas de papel de dibujo sin \u00e1cido en formato A4 apaisado. Longitud total: 960&hellip;<\/a>","protected":false},"excerpt":{"rendered":"<a href=\"https:\/\/nele-stroebel.de\/es\/exposicion-miedo-y-esperanza-son-vision-en-viena-3\/\"><ul class=\"nav nav-tabs elementkit-tab-nav \">\n                                    <li class=\"elementkit-nav-item elementor-repeater-item-24d0e90\">\n                        \n                                                        Texto\n                        \n                    <\/li>\n                                        <li class=\"elementkit-nav-item elementor-repeater-item-7949536\">\n                        \n                                                        Im\u00e1genes\n                        \n                    <\/li>\n                                        <li class=\"elementkit-nav-item elementor-repeater-item-4aee975\">\n                        \n                                                        cojines de libros de viejos obis japoneses\n                        \n                    <\/li>\n                                <\/ul>\n\n            \n                                    \n                        \n                            Desde mi regreso al estudio de Berl\u00edn, he creado m\u00e1s JAPAN-LEPORELLOS:\n1. \u00abpersonas\u00bb\n2. \u00abestudios y casas\u00bb\n3. \u00abLas sombras de los edificios\u00bb\n4. \u00abde dentro afuera\u00bb\n5. \u00abmomentos m\u00e1gicos\u00bb\n6. \u00abglobos\u00bb\n7. \u00abc\u00edrculos internos\nre 1: \u00abgente\u00bb es un desplegable de 17,3 p\u00e1ginas en papel verjurado en formato A4 apaisado. Longitud total: 326 cm. Est\u00e1 construido por una cara con impresi\u00f3n linotipia en blanco, estampaci\u00f3n y estarcido, dibujos a mano y acuarela de ne\u00f3n, y habla de lugares y personas que conoc\u00ed en Jap\u00f3n.  \na 2: \u00abcasas y hogares de estudio\u00bb es un desplegable de 32 p\u00e1ginas de papel de dibujo sin \u00e1cido en formato A4 apaisado. Longitud total: 960&hellip;<\/a>","protected":false},"author":1,"featured_media":0,"parent":0,"menu_order":0,"comment_status":"closed","ping_status":"closed","template":"elementor_header_footer","meta":{"ngg_post_thumbnail":0,"footnotes":""},"class_list":["post-15974","page","type-page","status-publish","hentry"],"_links":{"self":[{"href":"https:\/\/nele-stroebel.de\/es\/wp-json\/wp\/v2\/pages\/15974","targetHints":{"allow":["GET"]}}],"collection":[{"href":"https:\/\/nele-stroebel.de\/es\/wp-json\/wp\/v2\/pages"}],"about":[{"href":"https:\/\/nele-stroebel.de\/es\/wp-json\/wp\/v2\/types\/page"}],"author":[{"embeddable":true,"href":"https:\/\/nele-stroebel.de\/es\/wp-json\/wp\/v2\/users\/1"}],"replies":[{"embeddable":true,"href":"https:\/\/nele-stroebel.de\/es\/wp-json\/wp\/v2\/comments?post=15974"}],"version-history":[{"count":4,"href":"https:\/\/nele-stroebel.de\/es\/wp-json\/wp\/v2\/pages\/15974\/revisions"}],"predecessor-version":[{"id":17814,"href":"https:\/\/nele-stroebel.de\/es\/wp-json\/wp\/v2\/pages\/15974\/revisions\/17814"}],"wp:attachment":[{"href":"https:\/\/nele-stroebel.de\/es\/wp-json\/wp\/v2\/media?parent=15974"}],"curies":[{"name":"wp","href":"https:\/\/api.w.org\/{rel}","templated":true}]}}